{"id":15090,"date":"2018-06-30T14:11:57","date_gmt":"2018-06-30T06:11:57","guid":{"rendered":"https:\/\/www.ochm-macau.org\/?page_id=15090\/"},"modified":"2018-08-03T12:24:20","modified_gmt":"2018-08-03T04:24:20","slug":"sistema-de-premio","status":"publish","type":"page","link":"https:\/\/www.ochm-macau.org\/pt-pt\/sistema-de-premio\/","title":{"rendered":"Sistema de pr\u00eamio"},"content":{"rendered":"<p>[vc_row][vc_column][vc_single_image image=&#8221;15713&#8243; img_size=&#8221;547&#215;232&#8243; alignment=&#8221;center&#8221;][vc_column_text]Cada membro recebe um Manual de Membro para a respectiva temporada. Quando uma determinada actividade terminar, devem levantar as correspondentes \u201cMoedas da M\u00fasica\u201d<sup>\u25b2<\/sup> e troc\u00e1-las por \u00f3ptimos pr\u00e9mios.<\/p>\n<table class=\"table table-bordered\" border=\"1\" width=\"0\" cellspacing=\"0\" cellpadding=\"0\">\n<tbody>\n<tr>\n<td valign=\"top\" width=\"387\">\n<p align=\"center\"><strong>Actividades \/ Tarefas<\/strong><\/p>\n<\/td>\n<td valign=\"top\" width=\"208\">\n<p align=\"center\"><strong>N\u00famero de \u201cMoedas da M\u00fasica\u201d ganhas<\/strong><\/p>\n<\/td>\n<\/tr>\n<tr>\n<td valign=\"top\" width=\"387\">\n<ul>\n<li>Publicar um artigo como um jovem jornalista da OM<\/li>\n<\/ul>\n<\/td>\n<td valign=\"top\" width=\"208\">\n<p align=\"center\">5<\/p>\n<\/td>\n<\/tr>\n<tr>\n<td valign=\"top\" width=\"387\">\n<ul>\n<li>Participar de concerto com bilhete<\/li>\n<\/ul>\n<\/td>\n<td valign=\"top\" width=\"208\">\n<p align=\"center\">2<\/p>\n<\/td>\n<\/tr>\n<tr>\n<td valign=\"top\" width=\"387\">\n<ul>\n<li>Participar em actividades de divulga\u00e7\u00e3o:<\/li>\n<\/ul>\n<p>&nbsp;<\/p>\n<p>Masterclasses, Conhe\u00e7a os Artistas, Sess\u00f5es de Interc\u00e2mbio com M\u00fasicos, Ensaios Abertos e Conversas Pr\u00e9-Espect\u00e1culo.<\/td>\n<td width=\"208\">\n<p align=\"center\">2<\/p>\n<\/td>\n<\/tr>\n<\/tbody>\n<\/table>\n<p>&nbsp;<\/p>\n<table class=\"table table-bordered\" border=\"1\" width=\"0\" cellspacing=\"0\" cellpadding=\"0\">\n<tbody>\n<tr>\n<td valign=\"top\" width=\"369\">\n<p align=\"center\"><strong>Pr\u00e9mios<\/strong><\/p>\n<\/td>\n<td valign=\"top\" width=\"227\">\n<p align=\"center\"><strong>N\u00famero de \u201cMoedas da M\u00fasica\u201d a serem trocadas<\/strong><\/p>\n<\/td>\n<\/tr>\n<tr>\n<td valign=\"top\" width=\"369\">\n<ul>\n<li>Cup\u00f5es no valor de MOP500 para lojas de instrumentos musicais<\/li>\n<li><img loading=\"lazy\" decoding=\"async\" class=\"wp-image-15707 alignleft\" style=\"font-family: inherit;\" src=\"https:\/\/www.ochm-macau.org\/wp-content\/uploads\/2018\/08\/\u7434\u884c\u73fe\u91d1\u5238-300x188.jpg\" alt=\"\" width=\"160\" height=\"100\" srcset=\"https:\/\/www.ochm-macau.org\/wp-content\/uploads\/2018\/08\/\u7434\u884c\u73fe\u91d1\u5238-300x188.jpg 300w, https:\/\/www.ochm-macau.org\/wp-content\/uploads\/2018\/08\/\u7434\u884c\u73fe\u91d1\u5238-768x480.jpg 768w, https:\/\/www.ochm-macau.org\/wp-content\/uploads\/2018\/08\/\u7434\u884c\u73fe\u91d1\u5238-1024x640.jpg 1024w, https:\/\/www.ochm-macau.org\/wp-content\/uploads\/2018\/08\/\u7434\u884c\u73fe\u91d1\u5238-1200x750.jpg 1200w, https:\/\/www.ochm-macau.org\/wp-content\/uploads\/2018\/08\/\u7434\u884c\u73fe\u91d1\u5238.jpg 2048w\" sizes=\"auto, (max-width: 160px) 85vw, 160px\" \/><\/li>\n<\/ul>\n<\/td>\n<td valign=\"top\" width=\"227\">\n<p align=\"center\">50<\/p>\n<\/td>\n<\/tr>\n<tr>\n<td valign=\"top\" width=\"369\">\n<ul>\n<li>Um conjunto de edi\u00e7\u00e3o especial do cart\u00e3o Macau Pass<img loading=\"lazy\" decoding=\"async\" class=\"alignleft wp-image-15705\" src=\"https:\/\/www.ochm-macau.org\/wp-content\/uploads\/2018\/08\/\u672a\u547d\u540d.jpg\" alt=\"\" width=\"160\" height=\"102\" \/><\/li>\n<\/ul>\n<\/td>\n<td valign=\"top\" width=\"227\">\n<p align=\"center\">30<\/p>\n<\/td>\n<\/tr>\n<tr>\n<td valign=\"top\" width=\"369\">\n<ul>\n<li>Dois\u00a0bilhetes de concertos designados<br \/>\n<img loading=\"lazy\" decoding=\"async\" class=\"alignleft wp-image-15704\" src=\"https:\/\/www.ochm-macau.org\/wp-content\/uploads\/2018\/08\/\u97f3\u6a02\u6703\u9580\u7968-300x200.jpg\" alt=\"\" width=\"160\" height=\"106\" srcset=\"https:\/\/www.ochm-macau.org\/wp-content\/uploads\/2018\/08\/\u97f3\u6a02\u6703\u9580\u7968-300x200.jpg 300w, https:\/\/www.ochm-macau.org\/wp-content\/uploads\/2018\/08\/\u97f3\u6a02\u6703\u9580\u7968-768x511.jpg 768w, https:\/\/www.ochm-macau.org\/wp-content\/uploads\/2018\/08\/\u97f3\u6a02\u6703\u9580\u7968-1024x682.jpg 1024w, https:\/\/www.ochm-macau.org\/wp-content\/uploads\/2018\/08\/\u97f3\u6a02\u6703\u9580\u7968-1200x799.jpg 1200w, https:\/\/www.ochm-macau.org\/wp-content\/uploads\/2018\/08\/\u97f3\u6a02\u6703\u9580\u7968.jpg 2048w\" sizes=\"auto, (max-width: 160px) 85vw, 160px\" \/><\/li>\n<\/ul>\n<\/td>\n<td valign=\"top\" width=\"227\">\n<p align=\"center\">20<\/p>\n<\/td>\n<\/tr>\n<tr>\n<td valign=\"top\" width=\"369\">\n<ul>\n<li>Um conjunto de papelaria da OM<br \/>\n<img loading=\"lazy\" decoding=\"async\" class=\"alignleft wp-image-15701\" src=\"https:\/\/www.ochm-macau.org\/wp-content\/uploads\/2018\/08\/\u6587\u5177\u5957\u88dd-300x225.jpg\" alt=\"\" width=\"160\" height=\"120\" srcset=\"https:\/\/www.ochm-macau.org\/wp-content\/uploads\/2018\/08\/\u6587\u5177\u5957\u88dd-300x225.jpg 300w, https:\/\/www.ochm-macau.org\/wp-content\/uploads\/2018\/08\/\u6587\u5177\u5957\u88dd-768x576.jpg 768w, https:\/\/www.ochm-macau.org\/wp-content\/uploads\/2018\/08\/\u6587\u5177\u5957\u88dd-1024x768.jpg 1024w, https:\/\/www.ochm-macau.org\/wp-content\/uploads\/2018\/08\/\u6587\u5177\u5957\u88dd-1200x900.jpg 1200w, https:\/\/www.ochm-macau.org\/wp-content\/uploads\/2018\/08\/\u6587\u5177\u5957\u88dd.jpg 2048w\" sizes=\"auto, (max-width: 160px) 85vw, 160px\" \/><\/li>\n<\/ul>\n<\/td>\n<td valign=\"top\" width=\"227\">\n<p align=\"center\">10<\/p>\n<\/td>\n<\/tr>\n<\/tbody>\n<\/table>\n<p>\u25b2 As \u201cMoedas da M\u00fasica\u201d, n\u00e3o podem ser acumuladas e sendo v\u00e1lidas at\u00e9 30 de Setembro do ano seguinte.[\/vc_column_text][\/vc_column][\/vc_row]<\/p>\n","protected":false},"excerpt":{"rendered":"<p>[vc_row][vc_column][vc_single_image image=&#8221;15713&#8243; img_size=&#8221;547&#215;232&#8243; alignment=&#8221;center&#8221;][vc_column_text]Cada membro recebe um Manual de Membro para a respectiva temporada. Quando uma determinada actividade terminar, devem &hellip; <a href=\"https:\/\/www.ochm-macau.org\/pt-pt\/sistema-de-premio\/\" class=\"more-link\">Continuar a ler<span class=\"screen-reader-text\"> &#8220;Sistema de pr\u00eamio&#8221;<\/span><\/a><\/p>\n","protected":false},"author":1,"featured_media":0,"parent":0,"menu_order":0,"comment_status":"closed","ping_status":"closed","template":"page_with_sidebar.php","meta":{"_acf_changed":false,"footnotes":""},"class_list":["post-15090","page","type-page","status-publish","hentry"],"acf":[],"_links":{"self":[{"href":"https:\/\/www.ochm-macau.org\/pt-pt\/wp-json\/wp\/v2\/pages\/15090","targetHints":{"allow":["GET"]}}],"collection":[{"href":"https:\/\/www.ochm-macau.org\/pt-pt\/wp-json\/wp\/v2\/pages"}],"about":[{"href":"https:\/\/www.ochm-macau.org\/pt-pt\/wp-json\/wp\/v2\/types\/page"}],"author":[{"embeddable":true,"href":"https:\/\/www.ochm-macau.org\/pt-pt\/wp-json\/wp\/v2\/users\/1"}],"replies":[{"embeddable":true,"href":"https:\/\/www.ochm-macau.org\/pt-pt\/wp-json\/wp\/v2\/comments?post=15090"}],"version-history":[{"count":0,"href":"https:\/\/www.ochm-macau.org\/pt-pt\/wp-json\/wp\/v2\/pages\/15090\/revisions"}],"wp:attachment":[{"href":"https:\/\/www.ochm-macau.org\/pt-pt\/wp-json\/wp\/v2\/media?parent=15090"}],"curies":[{"name":"wp","href":"https:\/\/api.w.org\/{rel}","templated":true}]}}