{"id":15102,"date":"2018-06-30T14:19:39","date_gmt":"2018-06-30T06:19:39","guid":{"rendered":"https:\/\/www.ochm-macau.org\/?page_id=15102\/"},"modified":"2022-06-14T18:04:44","modified_gmt":"2022-06-14T10:04:44","slug":"programa-de-promocao-da-musica-tradicional-chinesa-para-jovens","status":"publish","type":"page","link":"https:\/\/www.ochm-macau.org\/pt-pt\/programa-de-promocao-da-musica-tradicional-chinesa-para-jovens\/","title":{"rendered":"Programa de Promo\u00e7\u00e3o da M\u00fasica Tradicional Chinesa para Jovens"},"content":{"rendered":"<p>[vc_row][vc_column][vc_single_image image=&#8221;26694&#8243; img_size=&#8221;1483&#215;932&#8243; alignment=&#8221;center&#8221;][\/vc_column][\/vc_row][vc_row][vc_column][vc_column_text]<strong>Introdu\u00e7\u00e3o ao programa<\/strong><br \/>\nPara encorajar e promover a heran\u00e7a e o desenvolvimento da m\u00fasica tradicional chinesa em Macau, em particular para popularizar o g\u00e9nero entre as gera\u00e7\u00f5es mais jovens, a Orquestra Chinesa de Macau lan\u00e7ou o Programa de Promo\u00e7\u00e3o da M\u00fasica Tradicional Chinesa para Jovens. As actua\u00e7\u00f5es dos int\u00e9rpretes e profissionais da orquestra dar\u00e3o aos jovens uma ideia da estrutura dos instrumentos chineses, dos princ\u00edpios de produ\u00e7\u00e3o de som e de outros conhecimentos e aptid\u00f5es musicais, com o objectivo de promover a compreens\u00e3o e a capacidade de aprecia\u00e7\u00e3o da m\u00fasica tradicional chinesa. Al\u00e9m disso, os participantes ter\u00e3o a oportunidade de ficar a conhecer de produ\u00e7\u00e3o de um concerto directamente no local e obter uma vis\u00e3o sobre a rica cultura musical chinesa, bem como o funcionamento di\u00e1rio de uma orquestra.<\/p>\n<p>Grupo-alvo: Alunos em tempo integral com menos de 25 anos*<\/p>\n<p>&nbsp;<\/p>\n<p><strong>Conte\u00fado do programa<\/strong><\/p>\n<ul>\n<li>Compreens\u00e3o dos instrumentos musicais e pr\u00e1tica dos mesmos.<\/li>\n<li>Como apreciar pe\u00e7as musicais.<\/li>\n<li>Visita aos bastidores do concerto.<\/li>\n<li>Como apreciar um concerto.<\/li>\n<\/ul>\n<p>&nbsp;<\/p>\n<p><strong>Privil\u00e9gios para os participantes<\/strong><\/p>\n<ul>\n<li>Prioridade na participa\u00e7\u00e3o em actividades de divulga\u00e7\u00e3o de espect\u00e1culos da Orquestra Chinesa de Macau.<\/li>\n<li>Entrada gratuita em alguns concertos.<\/li>\n<li>Saber as \u00faltimas sobre as actua\u00e7\u00f5es da Orquestra Chinesa de Macau.<\/li>\n<\/ul>\n<p>&nbsp;<\/p>\n<p><strong>A<\/strong><strong>plica\u00e7\u00e3o<\/strong><br \/>\nO formul\u00e1rio de inscri\u00e7\u00e3o pode ser descarregado online. Os candidatos podem enviar o formul\u00e1rio preenchido por qualquer um dos seguintes m\u00e9todos: fax (853) 2852 3660 ou email:\u00a0<a href=\"mailto:moc@moc.com.mo\">moc@moc.com.mo<\/a>. Pessoalmente ou por correio para &#8220;Orquestra Chinesa de Macau&#8221;, Caves 2 do Centro de Criatividade do Tap Siac, Pra\u00e7a do Tap Siac, Macau (Hor\u00e1rio de Atendimento: Segunda a Quinta, das 9h00 \u00e0s 13h00 e das 14h30 \u00e0s 17h45; Sexta-feira, das 9h00 \u00e0s 13h00 e das 14h30 \u00e0s 17h30).<\/p>\n<p><strong>Contacte-nos<\/strong><br \/>\nTel: (853) 8399 6699<br \/>\nEmail: <a href=\"mailto:moc@moc.com.mo\">moc@moc.com.mo<\/a><\/p>\n<p>* Incluindo residentes de Macau com Cart\u00e3o de Estudante a tempo inteiro v\u00e1lido emitido no estrangeiro e portadores de Cart\u00e3o de Estudante a tempo inteiro de Macau v\u00e1lido.<\/p>\n<p>&nbsp;<\/p>\n<p><a href=\"https:\/\/edocs.icm.gov.mo\/ochm\/2021\/application.pdf\" target=\"_blank\" rel=\"noopener\">Programa de Promo\u00e7\u00e3o da M\u00fasica Tradicional Chinesa para Jovens &#8211; Requerimento<\/a>[\/vc_column_text][vc_row_inner][vc_column_inner][vc_btn title=&#8221;Programa de Promo\u00e7\u00e3o da M\u00fasica Tradicional Chinesa para Jovens &#8211; Requerimento&#8221; style=&#8221;custom&#8221; custom_background=&#8221;#d1ae6d&#8221; custom_text=&#8221;#ffffff&#8221; size=&#8221;lg&#8221; align=&#8221;left&#8221; i_icon_fontawesome=&#8221;fa fa-file-pdf-o&#8221; css_animation=&#8221;fadeIn&#8221; add_icon=&#8221;true&#8221; link=&#8221;url:https%3A%2F%2Fwww.ochm-macau.org%2Fwp-content%2Fuploads%2F2022%2F03%2Fapplication.pdf||target:%20_blank|&#8221;][\/vc_column_inner][\/vc_row_inner][\/vc_column][\/vc_row]<\/p>\n","protected":false},"excerpt":{"rendered":"<p>[vc_row][vc_column][vc_single_image image=&#8221;26694&#8243; img_size=&#8221;1483&#215;932&#8243; alignment=&#8221;center&#8221;][\/vc_column][\/vc_row][vc_row][vc_column][vc_column_text]Introdu\u00e7\u00e3o ao programa Para encorajar e promover a heran\u00e7a e o desenvolvimento da m\u00fasica tradicional chinesa em &hellip; <a href=\"https:\/\/www.ochm-macau.org\/pt-pt\/programa-de-promocao-da-musica-tradicional-chinesa-para-jovens\/\" class=\"more-link\">Continuar a ler<span class=\"screen-reader-text\"> &#8220;Programa de Promo\u00e7\u00e3o da M\u00fasica Tradicional Chinesa para Jovens&#8221;<\/span><\/a><\/p>\n","protected":false},"author":1,"featured_media":0,"parent":0,"menu_order":0,"comment_status":"closed","ping_status":"closed","template":"page_with_sidebar.php","meta":{"_acf_changed":false,"footnotes":""},"class_list":["post-15102","page","type-page","status-publish","hentry"],"acf":[],"_links":{"self":[{"href":"https:\/\/www.ochm-macau.org\/pt-pt\/wp-json\/wp\/v2\/pages\/15102","targetHints":{"allow":["GET"]}}],"collection":[{"href":"https:\/\/www.ochm-macau.org\/pt-pt\/wp-json\/wp\/v2\/pages"}],"about":[{"href":"https:\/\/www.ochm-macau.org\/pt-pt\/wp-json\/wp\/v2\/types\/page"}],"author":[{"embeddable":true,"href":"https:\/\/www.ochm-macau.org\/pt-pt\/wp-json\/wp\/v2\/users\/1"}],"replies":[{"embeddable":true,"href":"https:\/\/www.ochm-macau.org\/pt-pt\/wp-json\/wp\/v2\/comments?post=15102"}],"version-history":[{"count":7,"href":"https:\/\/www.ochm-macau.org\/pt-pt\/wp-json\/wp\/v2\/pages\/15102\/revisions"}],"predecessor-version":[{"id":29735,"href":"https:\/\/www.ochm-macau.org\/pt-pt\/wp-json\/wp\/v2\/pages\/15102\/revisions\/29735"}],"wp:attachment":[{"href":"https:\/\/www.ochm-macau.org\/pt-pt\/wp-json\/wp\/v2\/media?parent=15102"}],"curies":[{"name":"wp","href":"https:\/\/api.w.org\/{rel}","templated":true}]}}