{"id":1710,"date":"2016-10-12T18:12:10","date_gmt":"2016-10-12T10:12:10","guid":{"rendered":"https:\/\/www.ochm-macau.org\/pt-pt\/?page_id=1710"},"modified":"2025-10-16T15:40:38","modified_gmt":"2025-10-16T07:40:38","slug":"orquestra-de-macau","status":"publish","type":"page","link":"https:\/\/www.ochm-macau.org\/pt-pt\/orquestra-de-macau\/","title":{"rendered":"Orquestra Chinesa de Macau"},"content":{"rendered":"<p>[vc_row][vc_column offset=&#8221;vc_col-lg-offset-1 vc_col-lg-10 vc_col-md-offset-1 vc_col-md-10 vc_col-sm-offset-0&#8243;][vc_single_image image=&#8221;42702&#8243; img_size=&#8221;large&#8221; alignment=&#8221;center&#8221;][vc_column_text]<\/p>\n<p style=\"text-align: justify;\">A Orquestra Chinesa de Macau, fundada em 1987. Defendendo o princ\u00edpio &#8220;Sediada em Macau, abra\u00e7ando o mundo e promovendo a cultura com repert\u00f3rio do Oriente e do Ocidente&#8221;, a Orquestra tem vindo a apresentar m\u00fasica tradicional chinesa que reflecte o esp\u00edrito dos tempos, trazendo excelentes obras aos aficionados de Macau e que permitem um acesso f\u00e1cil do p\u00fablico a este g\u00e9nero, ao mesmo tempo que projecta uma imagem positiva de Macau para o mundo.<\/p>\n<p style=\"text-align: justify;\">A Orquestra Chinesa de Macau tem envidado grandes esfor\u00e7os para promover a educa\u00e7\u00e3o e a cultura da arte musical e demonstrar a sua solidariedade com a sociedade, aprofundandose a sua presen\u00e7a na comunidade e nas escolas; tem participado activamente em eventos locais, incluindo Festival Internacional de M\u00fasica de Macau, Festival de Artes de Macau e Celebra\u00e7\u00e3o do Anivers\u00e1rio da Transfer\u00eancia de Macau para a China; tamb\u00e9m tem promovido a forma\u00e7\u00e3o de grupos art\u00edsticos de pequena e m\u00e9dia dimens\u00e3o e jovens m\u00fasicos com o objectivo de promover o desenvolvimento da m\u00fasica chinesa local; tem tentado apresentado espect\u00e1culos musicais em locais de locais que s\u00e3o Patrim\u00f3nio Mundial, como museus, bibliotecas, parques etc., para enriquecer a vida dos residentes e activar o interesse art\u00edstico das comunidades pela m\u00fasica. Aproveitando ao m\u00e1ximo a combina\u00e7\u00e3o das culturas chinesa e ocidental existentes em Macau, a Orquestra Chinesa de Macau tem actuado como Embaixador Cultural do Governo da RAE para promover Macau no estrangeiro, apoiando a cultura local no mercado interno e continuando a construir Macau como uma cidade de sustentabilidade cultural.<\/p>\n<p style=\"text-align: justify;\">A Orquestra Chinesa de Macau fez digress\u00f5es em diversos pa\u00edses e cidades, como Portugal, B\u00e9lgica, \u00cdndia, Goa, Singapura, Reino do Bahrein e outros pa\u00edses, bem como em cerca de 20 capitais de prov\u00edncia e grandes cidades. Atrav\u00e9s da integra\u00e7\u00e3o de elementos chineses e ocidentais e da m\u00fasica chinesa contempor\u00e2nea, a Orquestra pretende potenciar o interc\u00e2mbio e a coopera\u00e7\u00e3o, e promover a imagem cultural da integra\u00e7\u00e3o de Macau e do Ocidente, o que tem sido amplamenteelogiado.<\/p>\n<p style=\"text-align: justify;\">Os maestros que deram as m\u00e3os \u00e0 Orquestra Chinesa de Macau desde o seu estabelecimento incluem Huang Jianwei, Peng Jiapeng, Wang Zhengping, He Zhanhao, Gu Limin, Gu Guanen, Wang Fujian, Huang Xiaofei, Wang Yongji, Hu Bingxu, Yan Huichang, Guan Naizhong, Park Dong-sung, Bian Zushan, Liu Wenjin, Chen Xieyang, Zhang Lie, Chen Nengji, Hong Xia, Ye Cong, Zhang Guoyong, Tan Dun, Liu Sha, Yang Youqing, Liu Shun, Xu Zhijun, Zhou Xijie, Guo Yongde e Zhang Yuan. Os m\u00fasicos e cantores que colaboraram com a Orquestra incluem Shi Shucheng, Min Huifen, Liu Dehai, Aalanggaio, Zhang Gaoxiang, Jiang Kemei, Huang Anyuan, Yu Qiwei, Song Fei, Dai Ya, Chen Zuohui, Tang Junqiao, Zhao Jiazhen, Deng Jiandong, Guo Fengn\u00fc, Frances Yip, Liza Wang, Yu Hongmei, Paula Tsui, Yu Kuizhi, Adam Cheng, Jenny Tseng, Zeng Xiaomin, Li Chuanyun, Yin Chengzong, Carlos Camo, George Lam, Wu Yuxia, Huang Chenda, Zhao Cong, Yang Xuefei, Zhao Xiaoxia, Guo Yanzhi, Wu Li, Wu Bixia, Song Yuanming, Han Lei, He Wangbao, Wu Qiang, Wang Jianhua, Yuan Fang, Sun Yingdi, Dong Xiaolin, Xue Haoyin, Yu Lefu, Chen Leiji, Yang Jing, Wang Yidong, Wu Wei, Wang Caiyun, Mariza e Tito Paris.<\/p>\n<p style=\"text-align: justify;\">A Orquestra Chinesa de Macau executa periodicamente n\u00e3o s\u00f3 m\u00fasica popular tradicional, mas tamb\u00e9m m\u00fasica chinesa original combinando caracter\u00edstivas da m\u00fasica chinesa e da m\u00fasica ocidental. A Orquestra d\u00e1 especial destaque \u00e0 execu\u00e7\u00e3o de obras encomendadas localmente que apresentam elementos da cultura de Macau, sendo de referir a suite de Kuan Nai Chuang, Hist\u00f3ria de Amor Numa Cidade Pequena e Raps\u00f3dia No. 2 de Macau, composta para suona e orquestra chinesa, Impress\u00f5es de Macau de Zhao Jiping, Suite de Macau de Tang Jianping, Capricho de Macau de Wang Danhong, A Can\u00e7\u00e3o dos Sete Filhos de Luo Maishuo para canto feminino com a orquestra, Postal de Macau de Wang Chen Wei, Fantasia de Macau de Jamie Lin, Esbo\u00e7o de Macau de Li Bochan, enre outras. Algumas destas obras musicais foram mesmo gravadas e publicadas e tornaram-se obras representativas da atmosfera cultural \u00fanica de Macau.<\/p>\n<p style=\"text-align: justify;\">A Orquestra Chinesa de Macau era a \u00fanica orquestra chinesa profissional de Macau, sob a tutela do Instituto Cultural do Governo da Regi\u00e3o Administrativa Especial de Macau. A partir de 1 de Fevereiro de 2022, \u00e9 gerida pela Sociedade Orquestra de Macau, Lda, uma empresa p\u00fablica integralmente detida pelo governo da RAEM. Zhang Lie ser\u00e1 o Director Musical e Maestro Principal em 2024-25 temporada de concertos.<\/p>\n<p>[\/vc_column_text][\/vc_column][\/vc_row]<\/p>\n","protected":false},"excerpt":{"rendered":"<p>[vc_row][vc_column offset=&#8221;vc_col-lg-offset-1 vc_col-lg-10 vc_col-md-offset-1 vc_col-md-10 vc_col-sm-offset-0&#8243;][vc_single_image image=&#8221;42702&#8243; img_size=&#8221;large&#8221; alignment=&#8221;center&#8221;][vc_column_text] A Orquestra Chinesa de Macau, fundada em 1987. Defendendo o princ\u00edpio &hellip; <a href=\"https:\/\/www.ochm-macau.org\/pt-pt\/orquestra-de-macau\/\" class=\"more-link\">Continuar a ler<span class=\"screen-reader-text\"> &#8220;Orquestra Chinesa de Macau&#8221;<\/span><\/a><\/p>\n","protected":false},"author":1,"featured_media":0,"parent":0,"menu_order":0,"comment_status":"closed","ping_status":"closed","template":"page_general.php","meta":{"_acf_changed":false,"footnotes":""},"class_list":["post-1710","page","type-page","status-publish","hentry"],"acf":[],"_links":{"self":[{"href":"https:\/\/www.ochm-macau.org\/pt-pt\/wp-json\/wp\/v2\/pages\/1710","targetHints":{"allow":["GET"]}}],"collection":[{"href":"https:\/\/www.ochm-macau.org\/pt-pt\/wp-json\/wp\/v2\/pages"}],"about":[{"href":"https:\/\/www.ochm-macau.org\/pt-pt\/wp-json\/wp\/v2\/types\/page"}],"author":[{"embeddable":true,"href":"https:\/\/www.ochm-macau.org\/pt-pt\/wp-json\/wp\/v2\/users\/1"}],"replies":[{"embeddable":true,"href":"https:\/\/www.ochm-macau.org\/pt-pt\/wp-json\/wp\/v2\/comments?post=1710"}],"version-history":[{"count":8,"href":"https:\/\/www.ochm-macau.org\/pt-pt\/wp-json\/wp\/v2\/pages\/1710\/revisions"}],"predecessor-version":[{"id":42706,"href":"https:\/\/www.ochm-macau.org\/pt-pt\/wp-json\/wp\/v2\/pages\/1710\/revisions\/42706"}],"wp:attachment":[{"href":"https:\/\/www.ochm-macau.org\/pt-pt\/wp-json\/wp\/v2\/media?parent=1710"}],"curies":[{"name":"wp","href":"https:\/\/api.w.org\/{rel}","templated":true}]}}