{"id":1739,"date":"2016-10-12T23:29:47","date_gmt":"2016-10-12T15:29:47","guid":{"rendered":"https:\/\/www.ochm-macau.org\/pt-pt\/?page_id=1739"},"modified":"2022-05-23T12:44:48","modified_gmt":"2022-05-23T04:44:48","slug":"politica-de-privacidade","status":"publish","type":"page","link":"https:\/\/www.ochm-macau.org\/pt-pt\/politica-de-privacidade\/","title":{"rendered":"pol\u00edtica de privacidade"},"content":{"rendered":"<p>[vc_row][vc_column][vc_column_text]<\/p>\n<p>Ao aceder a este s\u00edtio web, o utilizador aceita incondicionalmente esta pol\u00edtica e quaisquer outras altera\u00e7\u00f5es a ela.<\/p>\n<p>A Orquestra Chinesa de Macau (doravante designada \u201cOCHM\u201d) est\u00e1 empenhada em proteger a privacidade do utilizador deste s\u00edtio web (doravante designado \u201cS\u00edtio web\u201d), e preparou esta Pol\u00edtica de Privacidade de Dados Pessoais com base na Lei de Protec\u00e7\u00e3o de Dados Pessoais da RAEM. A OCHM compromete-se a que todos os dados pessoais submetidos ao S\u00edtio web se enquadrem no \u00e2mbito de protec\u00e7\u00e3o desta pol\u00edtica, e esfor\u00e7a-se por fornecer ao utilizador uma plataforma online segura e confi\u00e1vel.<\/p>\n<ol>\n<li><strong>Informa\u00e7\u00f5es n\u00e3o pessoais recolhidas e processadas pelo S\u00edtio web<\/strong>O utilizador n\u00e3o \u00e9 obrigado a fornecer nenhuma informa\u00e7\u00e3o pessoal se estiver apenas a visitar o S\u00edtio web, sem executar um servi\u00e7o ou enviar um pedido. No entanto, o sistema inform\u00e1tico utilizado pode registar automaticamente os seguintes dados t\u00e9cnicos:\n<p>&#8211; \u00a0nome de dom\u00ednio da Internet e endere\u00e7o IP;<br \/>\n&#8211; a data e hora da visita;<br \/>\n&#8211; as p\u00e1ginas da web que o utilizador visitou;<br \/>\n&#8211; o nome de dom\u00ednio do s\u00edtio web (se o utilizador se ligar ao S\u00edtio web por meio de uma hiperliga\u00e7\u00e3o de outro s\u00edtio web)<\/p>\n<p>N\u00e3o ser\u00e1 recolhida qualquer informa\u00e7\u00e3o que possa identificar um utilizador. Os dados recolhidos ser\u00e3o utilizados apenas para produzir relat\u00f3rios estat\u00edsticos e investigar problemas no sistema inform\u00e1tico, para ajudar a optimizar o S\u00edtio web. Esses dados n\u00e3o ser\u00e3o utilizados para rastrear nenhum visitante, a menos que a visita seja considerada um ataque hostil ao S\u00edtio web.<\/p>\n<p>As p\u00e1ginas da web abertas no S\u00edtio web podem usar\u00a0<em>cookies<\/em>\u00a0para registar a actividade do utilizador, principalmente para fornecer configura\u00e7\u00f5es ou conte\u00fado personalizados. Se o seu navegador estiver habilitado para detectar\u00a0<em>cookies<\/em>, o utilizador poder\u00e1 receber uma mensagem de aviso sempre que um\u00a0<em>cookie<\/em>\u00a0for armazenado.<\/p>\n<p>Os dados de geolocaliza\u00e7\u00e3o tamb\u00e9m podem ser utilizados pelas p\u00e1ginas da web para fornecer servi\u00e7os baseados em localiza\u00e7\u00e3o.<\/li>\n<li><strong>Recolha de dados pessoais<\/strong><br \/>\nO utilizador n\u00e3o \u00e9 obrigado a fornecer nenhum dado pessoal se navegar no S\u00edtio web apenas para obter informa\u00e7\u00f5es de car\u00e1cter geral. Os dados pessoais b\u00e1sicos ser\u00e3o recolhidos apenas quando o utilizador solicitar os seguintes servi\u00e7os, mas o n\u00famero do documento de identidade n\u00e3o ser\u00e1 necess\u00e1rio em nenhum caso.<\/p>\n<ol type=\"a\">\n<li><strong>Subscri\u00e7\u00e3o do boletim informativo<\/strong><br \/>\nPara assinar o boletim informativo do OCHM, o utilizador ter\u00e1 de fornecer o seu nome, sexo, data de nascimento, n\u00famero de telefone, endere\u00e7o electr\u00f3nico e endere\u00e7o.<\/li>\n<li><strong>Caixa de opini\u00f5es<\/strong><br \/>\nPara comentar o trabalho ou as actividades da OCHM, o utilizador ter\u00e1 de indicar o seu nome, n\u00famero de telefone e endere\u00e7o electr\u00f3nico.<\/li>\n<li><strong>Candidatar-se a \u201cAmigos do OCHM\u201d<\/strong><br \/>\nSe o utilizador desejar tornar-se um \u201cAmigo do OCHM\u201d, ter\u00e1 de indicar o seu nome, sexo, data de nascimento, n\u00famero de telefone, endere\u00e7o electr\u00f3nico e endere\u00e7o.<\/li>\n<li><strong>Aderir ao \u201c<\/strong><strong>Programa de Promo\u00e7\u00e3o da M\u00fasica Tradicional Chinesa para Jovens<\/strong><strong>\u201d<\/strong><br \/>\nPara participar no programa, o utilizador ter\u00e1 de fornecer o seu nome, sexo, data de nascimento, ano de curso (fase curricular), n\u00famero de telefone, endere\u00e7o electr\u00f3nico e endere\u00e7o.<\/p>\n<p>Os dados pessoais recolhidos destinam-se apenas a fins de registo e disponibiliza\u00e7\u00e3o de servi\u00e7os aos utilizadores e das informa\u00e7\u00f5es mais recentes sobre as actividades da OCHM. Se as informa\u00e7\u00f5es requeridas n\u00e3o forem fornecidas, o S\u00edtio web n\u00e3o poder\u00e1 processar nenhum registo.<\/p>\n<p>Os utilizadores devem garantir que todos os dados fornecidos s\u00e3o verdadeiros e completos. A OCHM reserva-se o direito de cancelar, sem aviso pr\u00e9vio, qualquer registo ou inscri\u00e7\u00e3o em caso de d\u00favida razo\u00e1vel sobre as informa\u00e7\u00f5es fornecidas.<\/li>\n<\/ol>\n<\/li>\n<li><strong>Medidas de seguran\u00e7a dos dados pessoais<\/strong><br \/>\nA OCHM utilizar\u00e1 tecnologia de seguran\u00e7a da informa\u00e7\u00e3o apropriada para transmitir e armazenar qualquer informa\u00e7\u00e3o registada, para garantir que os dados pessoais que o utilizador fornece estejam protegidos e sejam acess\u00edveis apenas a pessoal autorizado. No entanto, o utilizador devem compreender e estar ciente de que a transmiss\u00e3o de informa\u00e7\u00f5es online tem riscos inerentes. Portanto, ao utilizar tais servi\u00e7os, o utilizador concorda em arcar com a responsabilidade por tais riscos e qualquer perda que possa ser causada por eles, n\u00e3o assumindo o S\u00edtio web qualquer responsabilidade por tais perdas.<\/li>\n<li><strong>Liga\u00e7\u00f5es externas<\/strong><br \/>\nO S\u00edtio web pode conter hiperliga\u00e7\u00f5es para outros s\u00edtios webs governamentais ou n\u00e3o governamentais. Ao clicar nesses hiperliga\u00e7\u00f5es, o utilizador sai do S\u00edtio web. As pol\u00edticas de privacidade estabelecidas nesses s\u00edtios webs podem ser diferentes daquelas do S\u00edtio web, e a OCHM n\u00e3o ter\u00e1 qualquer responsabilidade pelo conte\u00fado desses s\u00edtios webs e suas pol\u00edticas de privacidade. O utilizador \u00e9 aconselhado a ler as pol\u00edticas de privacidade desses s\u00edtios webs, se necess\u00e1rio.<\/li>\n<li><strong>Direitos de acesso e corre\u00e7\u00e3o<\/strong><br \/>\nDe acordo com a Lei de Protec\u00e7\u00e3o de Dados Pessoais de Macau, os requerentes que tenham preenchido os seus dados pessoais no S\u00edtio web t\u00eam o direito de acesso e correc\u00e7\u00e3o desses dados se necess\u00e1rio. Esses requerentes podem solicitar de forma adequada \u00e0 OCHM para aceder ou corrigir os seus dados pessoais.<\/li>\n<li><strong>Altera\u00e7\u00e3o da Pol\u00edtica de Privacidade de Dados Pessoais<\/strong><br \/>\nEsta Pol\u00edtica de Privacidade de Dados Pessoais pode ser alterada a qualquer momento. Qualquer altera\u00e7\u00e3o, indicada com uma data de revis\u00e3o, substituir\u00e1 a \u00faltima vers\u00e3o sem aviso pr\u00e9vio.<br \/>\nQualquer revis\u00e3o importante dos regulamentos sobre o uso de dados pessoais ser\u00e1 indicada no S\u00edtio web.<\/p>\n<p>1 de Fevereiro de 2022<\/li>\n<\/ol>\n<p>[\/vc_column_text][\/vc_column][\/vc_row]<\/p>\n","protected":false},"excerpt":{"rendered":"<p>[vc_row][vc_column][vc_column_text] Ao aceder a este s\u00edtio web, o utilizador aceita incondicionalmente esta pol\u00edtica e quaisquer outras altera\u00e7\u00f5es a ela. A &hellip; <a href=\"https:\/\/www.ochm-macau.org\/pt-pt\/politica-de-privacidade\/\" class=\"more-link\">Continuar a ler<span class=\"screen-reader-text\"> &#8220;pol\u00edtica de privacidade&#8221;<\/span><\/a><\/p>\n","protected":false},"author":1,"featured_media":0,"parent":0,"menu_order":0,"comment_status":"closed","ping_status":"closed","template":"page_general.php","meta":{"_acf_changed":false,"footnotes":""},"class_list":["post-1739","page","type-page","status-publish","hentry"],"acf":[],"_links":{"self":[{"href":"https:\/\/www.ochm-macau.org\/pt-pt\/wp-json\/wp\/v2\/pages\/1739","targetHints":{"allow":["GET"]}}],"collection":[{"href":"https:\/\/www.ochm-macau.org\/pt-pt\/wp-json\/wp\/v2\/pages"}],"about":[{"href":"https:\/\/www.ochm-macau.org\/pt-pt\/wp-json\/wp\/v2\/types\/page"}],"author":[{"embeddable":true,"href":"https:\/\/www.ochm-macau.org\/pt-pt\/wp-json\/wp\/v2\/users\/1"}],"replies":[{"embeddable":true,"href":"https:\/\/www.ochm-macau.org\/pt-pt\/wp-json\/wp\/v2\/comments?post=1739"}],"version-history":[{"count":1,"href":"https:\/\/www.ochm-macau.org\/pt-pt\/wp-json\/wp\/v2\/pages\/1739\/revisions"}],"predecessor-version":[{"id":29494,"href":"https:\/\/www.ochm-macau.org\/pt-pt\/wp-json\/wp\/v2\/pages\/1739\/revisions\/29494"}],"wp:attachment":[{"href":"https:\/\/www.ochm-macau.org\/pt-pt\/wp-json\/wp\/v2\/media?parent=1739"}],"curies":[{"name":"wp","href":"https:\/\/api.w.org\/{rel}","templated":true}]}}