{"id":20799,"date":"2020-08-22T23:00:28","date_gmt":"2020-08-22T15:00:28","guid":{"rendered":"https:\/\/www.ochm-macau.org\/discounts-and-offers-for-the-macao-orchestra-2020-21-season\/"},"modified":"2024-08-12T14:56:09","modified_gmt":"2024-08-12T06:56:09","slug":"guia-de-reserva-de-bilhetes","status":"publish","type":"page","link":"https:\/\/www.ochm-macau.org\/pt-pt\/guia-de-reserva-de-bilhetes\/","title":{"rendered":"Temporada de Concertos de 2024-25 da Orquestra Chinesa de Macau<br>Guia de reservas e informa\u00e7\u00f5es sobre bilhetes"},"content":{"rendered":"<p>[vc_row][vc_column][vc_single_image image=&#8221;27349&#8243; img_size=&#8221;full&#8221; alignment=&#8221;center&#8221;][\/vc_column][\/vc_row][vc_row][vc_column][vc_column_text css=&#8221;.vc_custom_1723444988464{margin-right: 70px !important;margin-left: 70px !important;}&#8221;]<\/p>\n<p style=\"text-align: justify;\"><span style=\"font-weight: 400;\">Os bilhetes para a Temporada de Concertos de 2024-25 da Orquestra Chinesa de Macau (OCHM) estar\u00e3o \u00e0 venda na Rede de Venda de Bilhetes Macau Ticketing a partir das 10h00 do dia 6 de Agosto de 2024. Por favor, consulte o site oficial da Orquestra e macauticket.com para as \u00faltimas novidades.<\/span><\/p>\n<p>&nbsp;<\/p>\n<h3><span style=\"color: #d1ae6d;\">Desconto por compra antecipada<\/span><\/h3>\n<p><span style=\"font-weight: 400;\">Das 10h00 do dia 6 de Agosto de 2024 \u00e0s 11h59 do dia 15 de Agosto de 2024, Amigos da OCHM (Orquestra Chinesa de Macau), Amigos da OM (Orquestra de Macau), Portadores de Cart\u00e3o de Cr\u00e9dito do BOC e Portadores do Cart\u00e3o do BOC<\/span><span style=\"font-weight: 400;\">#<\/span><span style=\"font-weight: 400;\"> podem usufruir de 30% de desconto nos bilhetes.<\/span><\/p>\n<p>&nbsp;<\/p>\n<h3><span style=\"color: #d1ae6d;\">Desconto exclusivo para clientes do BOC<\/span><\/h3>\n<p style=\"text-align: justify;\"><span style=\"font-weight: 400;\">Os titulares do Cart\u00e3o de Cr\u00e9dito BOC<\/span><span style=\"font-weight: 400;\">#<\/span><span style=\"font-weight: 400;\"> ou do Cart\u00e3o BOC beneficiam de um desconto de 30% em todos os bilhetes de qualquer um dos quatro Espect\u00e1culos\u00a0 Especiais BOC que incluem: <\/span><span style=\"font-weight: 400;\">Concerto de Abertura da Temporada 2023-24 da Orquestra Chinesa de Macau \u2013\u201cEsplendor das Cordas\u201d;Concerto de Celebra\u00e7\u00e3o do 25.\u00ba Anivers\u00e1rio do Retorno de Macau \u00e0 P\u00e1tria \u2013 \u201cLuzes Cintilantes, Flores Resplandecentes\u201d; Concerto de Ano Novo Chin\u00eas\u201cRaps\u00f3dia de Estepe\u201d<\/span><span style=\"font-weight: 400;\">; Concerto de Elite \u201cFlorescem Novos Encantos\u201d;Concerto de Encerramento da Temperada 2024-25 da Orquestra Chinesa de Macau \u201cChegada Auspiciosa\u201d.<\/span><\/p>\n<h3><\/h3>\n<h3><span style=\"color: #d1ae6d;\">Desconto de 50%<\/span><\/h3>\n<p style=\"text-align: justify;\">Os portadores do Cart\u00e3o de Idoso de Macau^ ou do Cart\u00e3o de Registo de Avalia\u00e7\u00e3o de Invalidez^ t\u00eam desconto de 50% em todos os bilhetes.<\/p>\n<ul>\n<li aria-level=\"1\"><b>Desconto para a Celebra\u00e7\u00e3o do 25.\u00ba Anivers\u00e1rio do Retorno de Macau \u00e0 P\u00e1tria<\/b><\/li>\n<\/ul>\n<p><span style=\"font-weight: 400;\">Os residentes de Macau beneficiam de um desconto de 50% dos bilhetes de Concerto de Celebra\u00e7\u00e3o do 25.\u00ba Anivers\u00e1rio do Retorno de Macau \u00e0 P\u00e1tria \u2013 \u201cLuzes Cintilantes, Flores Resplandecentes\u201d<\/span><\/p>\n<ul>\n<li aria-level=\"1\"><b>Desconto no pacote da \u201cS\u00e9rie de Reg\u00eancia do Director Musical\u201d<\/b><\/li>\n<\/ul>\n<p><span style=\"font-weight: 400;\">Ao adquirir bilhetes (a qualquer pre\u00e7o e n\u00famero) para dois concertos com a reg\u00eancia do director musical Zhang Lie, \u00e9 poss\u00edvel usufruir de um desconto de 50%, incluindo os concerto de Abertura da Temporada 2023-24 da Orquestra Chinesa de Macau \u2013\u201cEsplendor das Cordas\u201d, o Concerto de Ano Novo Chin\u00eas \u201cRaps\u00f3dia de Estepe\u201d, e o Concerto de Encerramento da Temperada 2024-25 da Orquestra Chinesa de Macau \u201cChegada Auspiciosa\u201d.<\/span><\/p>\n<p>&nbsp;<\/p>\n<h3><span style=\"color: #d1ae6d;\">Desconto de 40%<\/span><\/h3>\n<ul style=\"text-align: left;\">\n<li>Para 4 ou mais espect\u00e1culos diferentes<\/li>\n<li style=\"text-align: justify;\">Qualquer titular de um Cart\u00e3o de Estudante a tempo inteiro^ v\u00e1lido, emitido por uma escola local, ou para qualquer residente de Macau com um cart\u00e3o de estudante a tempo integral no estrangeiro^ tem direito a um desconto de 40% em todos os bilhetes.<\/li>\n<\/ul>\n<p>&nbsp;<\/p>\n<h3><span style=\"color: #d1ae6d;\">Desconto de 20%<\/span><\/h3>\n<p style=\"text-align: justify;\"><span style=\"font-weight: 400;\">Qualquer titular de Cart\u00e3o de Professor de Macau v\u00e1lido^; Amigos da OCHM (Orquestra Chinesa de Macau); Amigos da OM (Orquestra de Macau); Amigo do Centro Cultural de Macau (CCM);e Amigo do Museu de Arte de Macau (MAM) tem direito a um desconto de 20% em todos os bilhetes.<\/span><\/p>\n<p style=\"text-align: left;\"><strong>\u00a0<\/strong><\/p>\n<p><span style=\"font-weight: 400;\"># <\/span><span style=\"font-weight: 400;\">A oferta \u00e9 apenas aplic\u00e1vel a cart\u00f5es de cr\u00e9dito BOC e cart\u00f5es BOC (cart\u00f5es de d\u00e9bito) emitidos pelo Bank of China (Macau) Limited<\/span><\/p>\n<p><span style=\"font-weight: 400;\">^ Cada titular do cart\u00e3o s\u00f3 pode adquirir um bilhete com desconto, por concerto.<\/span><\/p>\n<p><span style=\"font-weight: 400;\">Os descontos n\u00e3o podem ser combinados.<\/span><\/p>\n<p><span style=\"font-weight: 400;\">O organizador reserva-se o direito de interpreta\u00e7\u00e3o final das ofertas e o direito de alterar o programa e os artistas sem aviso pr\u00e9vio.<\/span><\/p>\n<p><span style=\"font-weight: 400;\">Todas os espect\u00e1culos s\u00e3o apenas para pessoas com 6 anos ou mais, a menos que anunciado de outra forma.<\/span>[\/vc_column_text][\/vc_column][\/vc_row]<\/p>\n","protected":false},"excerpt":{"rendered":"<p>[vc_row][vc_column][vc_single_image image=&#8221;27349&#8243; img_size=&#8221;full&#8221; alignment=&#8221;center&#8221;][\/vc_column][\/vc_row][vc_row][vc_column][vc_column_text css=&#8221;.vc_custom_1723444988464{margin-right: 70px !important;margin-left: 70px !important;}&#8221;] Os bilhetes para a Temporada de Concertos de 2024-25 da Orquestra &hellip; <a href=\"https:\/\/www.ochm-macau.org\/pt-pt\/guia-de-reserva-de-bilhetes\/\" class=\"more-link\">Continuar a ler<span class=\"screen-reader-text\"> &#8220;Temporada de Concertos de 2024-25 da Orquestra Chinesa de Macau<br \/>Guia de reservas e informa\u00e7\u00f5es sobre bilhetes&#8221;<\/span><\/a><\/p>\n","protected":false},"author":2,"featured_media":0,"parent":0,"menu_order":0,"comment_status":"closed","ping_status":"closed","template":"page_with_sidebar.php","meta":{"_acf_changed":false,"footnotes":""},"class_list":["post-20799","page","type-page","status-publish","hentry"],"acf":[],"_links":{"self":[{"href":"https:\/\/www.ochm-macau.org\/pt-pt\/wp-json\/wp\/v2\/pages\/20799","targetHints":{"allow":["GET"]}}],"collection":[{"href":"https:\/\/www.ochm-macau.org\/pt-pt\/wp-json\/wp\/v2\/pages"}],"about":[{"href":"https:\/\/www.ochm-macau.org\/pt-pt\/wp-json\/wp\/v2\/types\/page"}],"author":[{"embeddable":true,"href":"https:\/\/www.ochm-macau.org\/pt-pt\/wp-json\/wp\/v2\/users\/2"}],"replies":[{"embeddable":true,"href":"https:\/\/www.ochm-macau.org\/pt-pt\/wp-json\/wp\/v2\/comments?post=20799"}],"version-history":[{"count":8,"href":"https:\/\/www.ochm-macau.org\/pt-pt\/wp-json\/wp\/v2\/pages\/20799\/revisions"}],"predecessor-version":[{"id":40946,"href":"https:\/\/www.ochm-macau.org\/pt-pt\/wp-json\/wp\/v2\/pages\/20799\/revisions\/40946"}],"wp:attachment":[{"href":"https:\/\/www.ochm-macau.org\/pt-pt\/wp-json\/wp\/v2\/media?parent=20799"}],"curies":[{"name":"wp","href":"https:\/\/api.w.org\/{rel}","templated":true}]}}