{"id":2144,"date":"2016-09-07T11:27:25","date_gmt":"2016-09-07T03:27:25","guid":{"rendered":"https:\/\/www.ochm-macau.org\/pt-pt\/%e6%a8%82%e9%81%8a%e8%97%9d%e6%96%87%e5%9c%92%e5%9c%b0\/"},"modified":"2017-07-31T17:39:20","modified_gmt":"2017-07-31T09:39:20","slug":"gostar-de-musica-desfrutar-a-arte","status":"publish","type":"page","link":"https:\/\/www.ochm-macau.org\/pt-pt\/gostar-de-musica-desfrutar-a-arte\/","title":{"rendered":"Gostar de M\u00fasica, Desfrutar a Arte"},"content":{"rendered":"<p>[vc_row parallax=&#8221;content-moving&#8221; parallax_image=&#8221;544&#8243;][vc_column][vc_column_text el_class=&#8221;white&#8221; css=&#8221;.vc_custom_1501493918356{padding-top: 100px !important;}&#8221;]A Orquestra de Macau difunde a m\u00fasica cl\u00e1ssica por v\u00e1rios espa\u00e7os de arte e de cultura, criando eventos art\u00edsticos tridimensionais num interc\u00e2mbio cruzado com diversas artes.[\/vc_column_text][\/vc_column][\/vc_row]<\/p>\n","protected":false},"excerpt":{"rendered":"<p>[vc_row parallax=&#8221;content-moving&#8221; parallax_image=&#8221;544&#8243;][vc_column][vc_column_text el_class=&#8221;white&#8221; css=&#8221;.vc_custom_1501493918356{padding-top: 100px !important;}&#8221;]A Orquestra de Macau difunde a m\u00fasica cl\u00e1ssica por v\u00e1rios espa\u00e7os de arte e &hellip; <a href=\"https:\/\/www.ochm-macau.org\/pt-pt\/gostar-de-musica-desfrutar-a-arte\/\" class=\"more-link\">Continuar a ler<span class=\"screen-reader-text\"> &#8220;Gostar de M\u00fasica, Desfrutar a Arte&#8221;<\/span><\/a><\/p>\n","protected":false},"author":1,"featured_media":0,"parent":0,"menu_order":0,"comment_status":"closed","ping_status":"closed","template":"page_love_music.php","meta":{"_acf_changed":false,"footnotes":""},"class_list":["post-2144","page","type-page","status-publish","hentry"],"acf":[],"_links":{"self":[{"href":"https:\/\/www.ochm-macau.org\/pt-pt\/wp-json\/wp\/v2\/pages\/2144","targetHints":{"allow":["GET"]}}],"collection":[{"href":"https:\/\/www.ochm-macau.org\/pt-pt\/wp-json\/wp\/v2\/pages"}],"about":[{"href":"https:\/\/www.ochm-macau.org\/pt-pt\/wp-json\/wp\/v2\/types\/page"}],"author":[{"embeddable":true,"href":"https:\/\/www.ochm-macau.org\/pt-pt\/wp-json\/wp\/v2\/users\/1"}],"replies":[{"embeddable":true,"href":"https:\/\/www.ochm-macau.org\/pt-pt\/wp-json\/wp\/v2\/comments?post=2144"}],"version-history":[{"count":0,"href":"https:\/\/www.ochm-macau.org\/pt-pt\/wp-json\/wp\/v2\/pages\/2144\/revisions"}],"wp:attachment":[{"href":"https:\/\/www.ochm-macau.org\/pt-pt\/wp-json\/wp\/v2\/media?parent=2144"}],"curies":[{"name":"wp","href":"https:\/\/api.w.org\/{rel}","templated":true}]}}