{"id":2150,"date":"2016-09-07T11:34:03","date_gmt":"2016-09-07T03:34:03","guid":{"rendered":"https:\/\/www.ochm-macau.org\/pt-pt\/%e6%84%9b%e9%9f%b3%e6%a8%82%ef%bc%8e%e7%8d%bb%e6%84%9b%e5%bf%83\/"},"modified":"2022-02-10T14:23:40","modified_gmt":"2022-02-10T06:23:40","slug":"gostar-de-musica-gostar-de-dedicacao","status":"publish","type":"page","link":"https:\/\/www.ochm-macau.org\/pt-pt\/gostar-de-musica-gostar-de-dedicacao\/","title":{"rendered":"Gostar de M\u00fasica, Gostar de Dedica\u00e7\u00e3o"},"content":{"rendered":"<p>[vc_row parallax=&#8221;content-moving-fade&#8221; parallax_image=&#8221;551&#8243;][vc_column][vc_column_text el_class=&#8221;white&#8221; css=&#8221;.vc_custom_1532936496628{padding-top: 100px !important;}&#8221;]A Orquestra de Macau leva carinho e aten\u00e7\u00e3o aos grupos minorit\u00e1rios da comunidade, como orfanatos, hospitais, lares para idosos e pris\u00f5es, atrav\u00e9s do poder espiritual \u00fanico da m\u00fasica.[\/vc_column_text][\/vc_column][\/vc_row][vc_row][vc_column][vc_column_text]Para marca\u00e7\u00e3o de concertos, \u00e9 favor contactar a OM atrav\u00e9s de telefone, fax ou email.<br \/>\nTel : (853) 2853 0782<br \/>\nFax: (853) 2853 0666<br \/>\nEmail: <a href=\"mailto:ocm@icm.gov.mo\">ocm@moc.gov.mo<\/a>[\/vc_column_text][\/vc_column][\/vc_row]<\/p>\n","protected":false},"excerpt":{"rendered":"<p>[vc_row parallax=&#8221;content-moving-fade&#8221; parallax_image=&#8221;551&#8243;][vc_column][vc_column_text el_class=&#8221;white&#8221; css=&#8221;.vc_custom_1532936496628{padding-top: 100px !important;}&#8221;]A Orquestra de Macau leva carinho e aten\u00e7\u00e3o aos grupos minorit\u00e1rios da comunidade, como &hellip; <a href=\"https:\/\/www.ochm-macau.org\/pt-pt\/gostar-de-musica-gostar-de-dedicacao\/\" class=\"more-link\">Continuar a ler<span class=\"screen-reader-text\"> &#8220;Gostar de M\u00fasica, Gostar de Dedica\u00e7\u00e3o&#8221;<\/span><\/a><\/p>\n","protected":false},"author":1,"featured_media":0,"parent":0,"menu_order":0,"comment_status":"closed","ping_status":"closed","template":"page_love_music.php","meta":{"_acf_changed":false,"footnotes":""},"class_list":["post-2150","page","type-page","status-publish","hentry"],"acf":[],"_links":{"self":[{"href":"https:\/\/www.ochm-macau.org\/pt-pt\/wp-json\/wp\/v2\/pages\/2150","targetHints":{"allow":["GET"]}}],"collection":[{"href":"https:\/\/www.ochm-macau.org\/pt-pt\/wp-json\/wp\/v2\/pages"}],"about":[{"href":"https:\/\/www.ochm-macau.org\/pt-pt\/wp-json\/wp\/v2\/types\/page"}],"author":[{"embeddable":true,"href":"https:\/\/www.ochm-macau.org\/pt-pt\/wp-json\/wp\/v2\/users\/1"}],"replies":[{"embeddable":true,"href":"https:\/\/www.ochm-macau.org\/pt-pt\/wp-json\/wp\/v2\/comments?post=2150"}],"version-history":[{"count":0,"href":"https:\/\/www.ochm-macau.org\/pt-pt\/wp-json\/wp\/v2\/pages\/2150\/revisions"}],"wp:attachment":[{"href":"https:\/\/www.ochm-macau.org\/pt-pt\/wp-json\/wp\/v2\/media?parent=2150"}],"curies":[{"name":"wp","href":"https:\/\/api.w.org\/{rel}","templated":true}]}}