{"id":2206,"date":"2016-09-06T14:03:20","date_gmt":"2016-09-06T06:03:20","guid":{"rendered":"https:\/\/www.ochm-macau.org\/pt-pt\/be-a-friend-of-om\/"},"modified":"2023-05-02T20:31:30","modified_gmt":"2023-05-02T12:31:30","slug":"seja-amigo-da-orquestra-chinese-de-macau","status":"publish","type":"page","link":"https:\/\/www.ochm-macau.org\/pt-pt\/seja-amigo-da-orquestra-chinese-de-macau\/","title":{"rendered":"Seja Amigo da Orquestra Chinese de Macau"},"content":{"rendered":"<p>[vc_row 0=&#8221;&#8221;][vc_column 0=&#8221;&#8221;][vc_column_text]<\/p>\n<h4><strong>Amigo da Orquestra Chinese de Macau<\/strong><\/h4>\n<p>&nbsp;<\/p>\n<h4><strong>Seja Amigo da Orquestra Chinese de Macau e desfrute de um desconto de 20% na compra de bilhetes.<\/strong><\/h4>\n<p>&nbsp;<\/p>\n<h4><strong>Scan the QR code below to apply<\/strong><\/h4>\n<p>[\/vc_column_text][vc_single_image image=&#8221;38157&#8243;][\/vc_column][\/vc_row][vc_row content_placement=&#8221;middle&#8221;][vc_column][vc_separator style=&#8221;shadow&#8221; border_width=&#8221;2&#8243;][\/vc_column][\/vc_row][vc_row][vc_column][vc_column_text]<\/p>\n<h3><strong>Exclusivo para os Amigos da Orquestra Chinese de Macau<\/strong><\/h3>\n<p>[\/vc_column_text][\/vc_column][\/vc_row][vc_row content_placement=&#8221;middle&#8221;][vc_column width=&#8221;1\/6&#8243;][vc_icon icon_fontawesome=&#8221;fa fa-comments-o&#8221; color=&#8221;custom&#8221; background_style=&#8221;rounded&#8221; align=&#8221;center&#8221; custom_color=&#8221;#d1ae6d&#8221;][\/vc_column][vc_column width=&#8221;5\/6&#8243;][vc_column_text]<\/p>\n<h5><strong>Conhe\u00e7a Os Artistas<\/strong><\/h5>\n<p style=\"text-align: justify;\">A Orquestra de Macau organiza regularmente actividades que o\/a aproximam dos seus m\u00fasicos favoritos, como sess\u00f5es para conhecer os artistas e ensaios abertos ao p\u00fablico.<\/p>\n<p>[\/vc_column_text][\/vc_column][\/vc_row][vc_row content_placement=&#8221;middle&#8221;][vc_column width=&#8221;1\/6&#8243;][vc_icon icon_fontawesome=&#8221;fa fa-music&#8221; color=&#8221;custom&#8221; background_style=&#8221;rounded&#8221; align=&#8221;center&#8221; custom_color=&#8221;#d1ae6d&#8221;][\/vc_column][vc_column width=&#8221;5\/6&#8243;][vc_column_text]<\/p>\n<h5><strong>Descontos<\/strong><\/h5>\n<p>Desconto de 20% na compra de bilhetes.<\/p>\n<p style=\"text-align: justify;\">* Excluindo concertos da Orquestra de Macau integrados no Festival Internacional de M\u00fasica de Macau e no Festival de Artes de Macau.<\/p>\n<p>[\/vc_column_text][\/vc_column][\/vc_row][vc_row][vc_column][\/vc_column][\/vc_row]<\/p>\n","protected":false},"excerpt":{"rendered":"<p>[vc_row 0=&#8221;&#8221;][vc_column 0=&#8221;&#8221;][vc_column_text] Amigo da Orquestra Chinese de Macau &nbsp; Seja Amigo da Orquestra Chinese de Macau e desfrute de &hellip; <a href=\"https:\/\/www.ochm-macau.org\/pt-pt\/seja-amigo-da-orquestra-chinese-de-macau\/\" class=\"more-link\">Continuar a ler<span class=\"screen-reader-text\"> &#8220;Seja Amigo da Orquestra Chinese de Macau&#8221;<\/span><\/a><\/p>\n","protected":false},"author":1,"featured_media":0,"parent":0,"menu_order":0,"comment_status":"closed","ping_status":"closed","template":"page_with_sidebar.php","meta":{"_acf_changed":false,"footnotes":""},"class_list":["post-2206","page","type-page","status-publish","hentry"],"acf":[],"_links":{"self":[{"href":"https:\/\/www.ochm-macau.org\/pt-pt\/wp-json\/wp\/v2\/pages\/2206","targetHints":{"allow":["GET"]}}],"collection":[{"href":"https:\/\/www.ochm-macau.org\/pt-pt\/wp-json\/wp\/v2\/pages"}],"about":[{"href":"https:\/\/www.ochm-macau.org\/pt-pt\/wp-json\/wp\/v2\/types\/page"}],"author":[{"embeddable":true,"href":"https:\/\/www.ochm-macau.org\/pt-pt\/wp-json\/wp\/v2\/users\/1"}],"replies":[{"embeddable":true,"href":"https:\/\/www.ochm-macau.org\/pt-pt\/wp-json\/wp\/v2\/comments?post=2206"}],"version-history":[{"count":2,"href":"https:\/\/www.ochm-macau.org\/pt-pt\/wp-json\/wp\/v2\/pages\/2206\/revisions"}],"predecessor-version":[{"id":38163,"href":"https:\/\/www.ochm-macau.org\/pt-pt\/wp-json\/wp\/v2\/pages\/2206\/revisions\/38163"}],"wp:attachment":[{"href":"https:\/\/www.ochm-macau.org\/pt-pt\/wp-json\/wp\/v2\/media?parent=2206"}],"curies":[{"name":"wp","href":"https:\/\/api.w.org\/{rel}","templated":true}]}}