{"id":2464,"date":"2016-05-13T17:04:03","date_gmt":"2016-05-13T09:04:03","guid":{"rendered":"https:\/\/www.ochm-macau.org\/pt-pt\/%e9%9f%b3%e6%a8%82%e7%b8%bd%e7%9b%a3%e5%85%bc%e9%a6%96%e5%b8%ad%e6%8c%87%e6%8f%ae%e7%9a%84%e8%a9%b1\/"},"modified":"2024-08-01T19:51:27","modified_gmt":"2024-08-01T11:51:27","slug":"director-musical-e-maestro-principal","status":"publish","type":"page","link":"https:\/\/www.ochm-macau.org\/pt-pt\/director-musical-e-maestro-principal\/","title":{"rendered":"Director Musical e Maestro Principal  | Zhang Lie"},"content":{"rendered":"<p>[vc_row][vc_column][vc_single_image image=&#8221;40536&#8243; img_size=&#8221;large&#8221; alignment=&#8221;center&#8221;][vc_column_text]<\/p>\n<p style=\"text-align: justify;\"><span style=\"font-weight: 400;\">Zhang Lie \u00e9 Director Musical e Maestro Principal da Orquestra Chinesa de Macau. Tamb\u00e9m desempenha os pap\u00e9is de Director Musical e Maestro Principal da Orquestra Chinesa de Nanjing e da Orquestra Chinesa de Henan. \u00c9 um renomado maestro chin\u00eas, vice-presidente do Comit\u00e9 Profissional de Reg\u00eancia da China e maestro de n\u00edvel nacional, tendo sido reconhecido como \u201cArtista de Destaque\u201d pelo Minist\u00e9rio da Cultura da China. Anteriormente, ele foi maestro permanente da Orquestra Sinf\u00f3nica da R\u00e1dio e do Filme da China e da Orquestra Nacional da R\u00e1dio, al\u00e9m de Director Musical e Maestro Principal da Orquestra Nacional de Zhejiang, Orquestra Chinesa de Guangdong e Orquestra Nacional da R\u00e1dio e da Televis\u00e3o de Shaanxi. Ele tamb\u00e9m atua como consultor art\u00edstico e maestro convidado em v\u00e1rias institui\u00e7\u00f5es e grupos, incluindo o Conservat\u00f3rio Central de M\u00fasica, o Conservat\u00f3rio de M\u00fasica da China, a Orquestra Filarm\u00f3nica de Tianjin e a Orquestra Sinf\u00f3nica de Shaanxi. Graduado pela Conservat\u00f3rio de M\u00fasica de Xi&#8217;an, aperfei\u00e7oou-se no Departamento de Reg\u00eancia do Conservat\u00f3rio Central de M\u00fasica, onde estudou com os professores Liu Jing, Feng Qi e Yang Hongnian. Participou em uma aula de mestre de reg\u00eancia na Alemanha, recebendo orienta\u00e7\u00e3o e reconhecimento entusi\u00e1stico do Professor Carl B\u00f6hm.<\/span><span style=\"font-weight: 400;\">\u00a0<\/span><\/p>\n<p style=\"text-align: justify;\"><span style=\"font-weight: 400;\">Nos \u00faltimos anos, tem liderado diversas orquestras em tourn\u00e9e de sucesso em mais de 30 pa\u00edses, incluindo v\u00e1rias na\u00e7\u00f5es europeias (incluindo R\u00fassia), Estados Unidos, Canad\u00e1 e Jap\u00e3o, recebendo elogios do Minist\u00e9rio da Cultura da China. Foi duas vezes juiz internacional no Concurso Nacional de M\u00fasica Tradicional da Mal\u00e1sia e convidado como membro do Comit\u00e9 de Especialistas em Avalia\u00e7\u00e3o das obras de \u201cSinfonia dos Tempos\u201d, do Minist\u00e9rio da Cultura e Turismo da China. Tamb\u00e9m foi juiz em duas edi\u00e7\u00f5es do Concurso Nacional de M\u00fasica Tradicional da CCTV.<\/span><\/p>\n<p style=\"text-align: justify;\"><span style=\"font-weight: 400;\">Comp\u00f4s mais de uma centena de obras para orquestra, ballet, cinema, m\u00fasica tradicional e concertos vocais, que s\u00e3o frequentemente apresentadas por orquestras sinf\u00f3nicas e grupos de m\u00fasica tradicional em todo o mundo, recebendo diversos pr\u00e9mios. As suas obras incluem Caprichos de Guanshan, Sinos de Camelo do Ocidente, Sentimentos do Norte, os ballets Can\u00e7\u00e3o do Vento e Can\u00e7\u00e3o do Sofrimento Eterno. As suas pe\u00e7as Fantasia de Xiao Balang, Rebocadores do Rio Amarelo e As Generais da Fam\u00edlia Yang ganharam pr\u00e9mios de primeiro lugar e medalhas de ouro em competi\u00e7\u00f5es nacionais, enquanto a banda sonora do filme Na Colina Jujube recebeu o pr\u00e9mio Golden Angel no Chinese American Film Festival.<\/span><\/p>\n<p>[\/vc_column_text][\/vc_column][\/vc_row]<\/p>\n","protected":false},"excerpt":{"rendered":"<p>[vc_row][vc_column][vc_single_image image=&#8221;40536&#8243; img_size=&#8221;large&#8221; alignment=&#8221;center&#8221;][vc_column_text] Zhang Lie \u00e9 Director Musical e Maestro Principal da Orquestra Chinesa de Macau. Tamb\u00e9m desempenha os &hellip; <a href=\"https:\/\/www.ochm-macau.org\/pt-pt\/director-musical-e-maestro-principal\/\" class=\"more-link\">Continuar a ler<span class=\"screen-reader-text\"> &#8220;Director Musical e Maestro Principal  | Zhang Lie&#8221;<\/span><\/a><\/p>\n","protected":false},"author":2,"featured_media":0,"parent":0,"menu_order":0,"comment_status":"closed","ping_status":"closed","template":"page_general.php","meta":{"_acf_changed":false,"footnotes":""},"class_list":["post-2464","page","type-page","status-publish","hentry"],"acf":[],"_links":{"self":[{"href":"https:\/\/www.ochm-macau.org\/pt-pt\/wp-json\/wp\/v2\/pages\/2464","targetHints":{"allow":["GET"]}}],"collection":[{"href":"https:\/\/www.ochm-macau.org\/pt-pt\/wp-json\/wp\/v2\/pages"}],"about":[{"href":"https:\/\/www.ochm-macau.org\/pt-pt\/wp-json\/wp\/v2\/types\/page"}],"author":[{"embeddable":true,"href":"https:\/\/www.ochm-macau.org\/pt-pt\/wp-json\/wp\/v2\/users\/2"}],"replies":[{"embeddable":true,"href":"https:\/\/www.ochm-macau.org\/pt-pt\/wp-json\/wp\/v2\/comments?post=2464"}],"version-history":[{"count":8,"href":"https:\/\/www.ochm-macau.org\/pt-pt\/wp-json\/wp\/v2\/pages\/2464\/revisions"}],"predecessor-version":[{"id":40883,"href":"https:\/\/www.ochm-macau.org\/pt-pt\/wp-json\/wp\/v2\/pages\/2464\/revisions\/40883"}],"wp:attachment":[{"href":"https:\/\/www.ochm-macau.org\/pt-pt\/wp-json\/wp\/v2\/media?parent=2464"}],"curies":[{"name":"wp","href":"https:\/\/api.w.org\/{rel}","templated":true}]}}