{"id":28979,"date":"2022-04-01T15:00:19","date_gmt":"2022-04-01T07:00:19","guid":{"rendered":"https:\/\/www.ochm-macau.org\/destaques\/"},"modified":"2022-06-14T11:37:51","modified_gmt":"2022-06-14T03:37:51","slug":"destaques","status":"publish","type":"page","link":"https:\/\/www.ochm-macau.org\/pt-pt\/destaques\/","title":{"rendered":"Destaques"},"content":{"rendered":"<p>[vc_row][vc_column offset=&#8221;vc_col-lg-offset-2 vc_col-lg-8 vc_col-md-offset-2 vc_col-md-8&#8243;][vc_column_text]<\/p>\n<h2 style=\"text-align: center;\">M\u00fasica em S\u00edtios do Patrim\u00f3nio Mundial<\/h2>\n<p>[\/vc_column_text][vc_raw_html]PGRpdiBjbGFzcz0iZW1iZWQtcmVzcG9uc2l2ZSBlbWJlZC1yZXNwb25zaXZlLTE2Ynk5Ij4NCjxkaXYgY2xhc3M9ImVtYmVkLXJlc3BvbnNpdmUgZW1iZWQtcmVzcG9uc2l2ZS0xNmJ5OSI+DQo8cD4gICAgICAgICAgICAgICAgICAgICAgICA8aWZyYW1lIGNsYXNzPSJlbWJlZC1yZXNwb25zaXZlLWl0ZW0iIHNyYz0iaHR0cHM6Ly93d3cueW91dHViZS5jb20vZW1iZWQvdmlkZW9zZXJpZXM\/bGlzdD1QTHVqd0x1ZDUzTHBWQlMtTVVkX1dMZzlfLXg1WHdEdVhuIiBmcmFtZWJvcmRlcj0iMCIgYWxsb3dmdWxsc2NyZWVuPjwvaWZyYW1lPjwvcD48L2Rpdj4NCjwvcD48L2Rpdj4NCg==[\/vc_raw_html][\/vc_column][\/vc_row][vc_row][vc_column offset=&#8221;vc_col-lg-offset-2 vc_col-lg-8 vc_col-md-offset-2 vc_col-md-8&#8243;][vc_column_text]<\/p>\n<h2 style=\"text-align: center;\">Concertos em Museus<\/h2>\n<p>[\/vc_column_text][vc_raw_html]PGRpdiBjbGFzcz0iZW1iZWQtcmVzcG9uc2l2ZSBlbWJlZC1yZXNwb25zaXZlLTE2Ynk5Ij4NCjxkaXYgY2xhc3M9ImVtYmVkLXJlc3BvbnNpdmUgZW1iZWQtcmVzcG9uc2l2ZS0xNmJ5OSI+DQo8cD4gICAgICAgICAgICAgICAgICAgICAgICA8aWZyYW1lIGNsYXNzPSJlbWJlZC1yZXNwb25zaXZlLWl0ZW0iIHNyYz0iaHR0cHM6Ly93d3cueW91dHViZS5jb20vZW1iZWQvdmlkZW9zZXJpZXM\/bGlzdD1QTHVqd0x1ZDUzTHBYcGhvZ2Y2eHd4NzJzeDlYVGlYbEo2IiBmcmFtZWJvcmRlcj0iMCIgYWxsb3dmdWxsc2NyZWVuPjwvaWZyYW1lPjwvcD48L2Rpdj4NCjwvcD48L2Rpdj4NCg==[\/vc_raw_html][\/vc_column][\/vc_row][vc_row][vc_column offset=&#8221;vc_col-lg-offset-2 vc_col-lg-8 vc_col-md-offset-2 vc_col-md-8&#8243;][vc_column_text]<\/p>\n<h2 style=\"text-align: center;\">Viagem nas Nuvens<\/h2>\n<p>[\/vc_column_text][vc_raw_html]PGRpdiBjbGFzcz0iZW1iZWQtcmVzcG9uc2l2ZSBlbWJlZC1yZXNwb25zaXZlLTE2Ynk5Ij4NCjxkaXYgY2xhc3M9ImVtYmVkLXJlc3BvbnNpdmUgZW1iZWQtcmVzcG9uc2l2ZS0xNmJ5OSI+DQo8cD4gICAgICAgICAgICAgICAgICAgICAgICA8aWZyYW1lIGNsYXNzPSJlbWJlZC1yZXNwb25zaXZlLWl0ZW0iIHNyYz0iaHR0cHM6Ly93d3cueW91dHViZS5jb20vZW1iZWQvdmlkZW9zZXJpZXM\/bGlzdD1QTHVqd0x1ZDUzTHBWMHFHR09JbGpzbEFpeUx3cDR4M2dfIiBmcmFtZWJvcmRlcj0iMCIgYWxsb3dmdWxsc2NyZWVuPjwvaWZyYW1lPjwvcD48L2Rpdj4NCjwvcD48L2Rpdj4NCg==[\/vc_raw_html][\/vc_column][\/vc_row][vc_row][vc_column offset=&#8221;vc_col-lg-offset-2 vc_col-lg-8 vc_col-md-offset-2 vc_col-md-8&#8243;][vc_column_text]<\/p>\n<h2 style=\"text-align: center;\">Uma Noite de Cl\u00e1ssicos da M\u00fasica Chinesa<\/h2>\n<p>[\/vc_column_text][vc_raw_html]PGRpdiBjbGFzcz0iZW1iZWQtcmVzcG9uc2l2ZSBlbWJlZC1yZXNwb25zaXZlLTE2Ynk5Ij4NCjxwPiAgICAgICAgICAgICAgICAgICAgICAgPGlmcmFtZSB3aWR0aD0iNTYwIiBoZWlnaHQ9IjMxNSIgc3JjPSJodHRwczovL3d3dy55b3V0dWJlLmNvbS9lbWJlZC9QQVRaOUUyRXFEdyIgdGl0bGU9IllvdVR1YmUgdmlkZW8gcGxheWVyIiBmcmFtZWJvcmRlcj0iMCIgYWxsb3c9ImFjY2VsZXJvbWV0ZXI7IGF1dG9wbGF5OyBjbGlwYm9hcmQtd3JpdGU7IGVuY3J5cHRlZC1tZWRpYTsgZ3lyb3Njb3BlOyBwaWN0dXJlLWluLXBpY3R1cmUiIGFsbG93ZnVsbHNjcmVlbj48L2lmcmFtZT48L3A+PC9kaXY+DQo=[\/vc_raw_html][\/vc_column][\/vc_row][vc_row][vc_column offset=&#8221;vc_col-lg-offset-2 vc_col-lg-8 vc_col-md-offset-2 vc_col-md-8&#8243;][vc_column_text]<\/p>\n<h2 style=\"text-align: center;\">Celebra\u00e7\u00e3o no Outono \u2013 Paisagem Chinesa<\/h2>\n<p>[\/vc_column_text][vc_raw_html]PGRpdiBjbGFzcz0iZW1iZWQtcmVzcG9uc2l2ZSBlbWJlZC1yZXNwb25zaXZlLTE2Ynk5Ij4NCjxkaXYgY2xhc3M9ImVtYmVkLXJlc3BvbnNpdmUgZW1iZWQtcmVzcG9uc2l2ZS0xNmJ5OSI+DQo8cD4gICAgICAgICAgICAgICAgICAgICAgICA8aWZyYW1lIGNsYXNzPSJlbWJlZC1yZXNwb25zaXZlLWl0ZW0iIHNyYz0iaHR0cHM6Ly93d3cueW91dHViZS5jb20vZW1iZWQvdmlkZW9zZXJpZXM\/bGlzdD1QTHVqd0x1ZDUzTHBWVl9FdkFJLXpWeXlja1JQU2JfWloxIiBmcmFtZWJvcmRlcj0iMCIgYWxsb3dmdWxsc2NyZWVuPjwvaWZyYW1lPjwvcD48L2Rpdj4NCjwvcD48L2Rpdj4NCg==[\/vc_raw_html][\/vc_column][\/vc_row]<\/p>\n","protected":false},"excerpt":{"rendered":"<p>[vc_row][vc_column offset=&#8221;vc_col-lg-offset-2 vc_col-lg-8 vc_col-md-offset-2 vc_col-md-8&#8243;][vc_column_text] M\u00fasica em S\u00edtios do Patrim\u00f3nio Mundial [\/vc_column_text][vc_raw_html]PGRpdiBjbGFzcz0iZW1iZWQtcmVzcG9uc2l2ZSBlbWJlZC1yZXNwb25zaXZlLTE2Ynk5Ij4NCjxkaXYgY2xhc3M9ImVtYmVkLXJlc3BvbnNpdmUgZW1iZWQtcmVzcG9uc2l2ZS0xNmJ5OSI+DQo8cD4gICAgICAgICAgICAgICAgICAgICAgICA8aWZyYW1lIGNsYXNzPSJlbWJlZC1yZXNwb25zaXZlLWl0ZW0iIHNyYz0iaHR0cHM6Ly93d3cueW91dHViZS5jb20vZW1iZWQvdmlkZW9zZXJpZXM\/bGlzdD1QTHVqd0x1ZDUzTHBWQlMtTVVkX1dMZzlfLXg1WHdEdVhuIiBmcmFtZWJvcmRlcj0iMCIgYWxsb3dmdWxsc2NyZWVuPjwvaWZyYW1lPjwvcD48L2Rpdj4NCjwvcD48L2Rpdj4NCg==[\/vc_raw_html][\/vc_column][\/vc_row][vc_row][vc_column offset=&#8221;vc_col-lg-offset-2 vc_col-lg-8 vc_col-md-offset-2 vc_col-md-8&#8243;][vc_column_text] Concertos em Museus [\/vc_column_text][vc_raw_html]PGRpdiBjbGFzcz0iZW1iZWQtcmVzcG9uc2l2ZSBlbWJlZC1yZXNwb25zaXZlLTE2Ynk5Ij4NCjxkaXYgY2xhc3M9ImVtYmVkLXJlc3BvbnNpdmUgZW1iZWQtcmVzcG9uc2l2ZS0xNmJ5OSI+DQo8cD4gICAgICAgICAgICAgICAgICAgICAgICA8aWZyYW1lIGNsYXNzPSJlbWJlZC1yZXNwb25zaXZlLWl0ZW0iIHNyYz0iaHR0cHM6Ly93d3cueW91dHViZS5jb20vZW1iZWQvdmlkZW9zZXJpZXM\/bGlzdD1QTHVqd0x1ZDUzTHBYcGhvZ2Y2eHd4NzJzeDlYVGlYbEo2IiBmcmFtZWJvcmRlcj0iMCIgYWxsb3dmdWxsc2NyZWVuPjwvaWZyYW1lPjwvcD48L2Rpdj4NCjwvcD48L2Rpdj4NCg==[\/vc_raw_html][\/vc_column][\/vc_row][vc_row][vc_column &hellip; <a href=\"https:\/\/www.ochm-macau.org\/pt-pt\/destaques\/\" class=\"more-link\">Continuar a ler<span class=\"screen-reader-text\"> &#8220;Destaques&#8221;<\/span><\/a><\/p>\n","protected":false},"author":1,"featured_media":0,"parent":0,"menu_order":0,"comment_status":"closed","ping_status":"closed","template":"page_general.php","meta":{"_acf_changed":false,"footnotes":""},"class_list":["post-28979","page","type-page","status-publish","hentry"],"acf":[],"_links":{"self":[{"href":"https:\/\/www.ochm-macau.org\/pt-pt\/wp-json\/wp\/v2\/pages\/28979","targetHints":{"allow":["GET"]}}],"collection":[{"href":"https:\/\/www.ochm-macau.org\/pt-pt\/wp-json\/wp\/v2\/pages"}],"about":[{"href":"https:\/\/www.ochm-macau.org\/pt-pt\/wp-json\/wp\/v2\/types\/page"}],"author":[{"embeddable":true,"href":"https:\/\/www.ochm-macau.org\/pt-pt\/wp-json\/wp\/v2\/users\/1"}],"replies":[{"embeddable":true,"href":"https:\/\/www.ochm-macau.org\/pt-pt\/wp-json\/wp\/v2\/comments?post=28979"}],"version-history":[{"count":16,"href":"https:\/\/www.ochm-macau.org\/pt-pt\/wp-json\/wp\/v2\/pages\/28979\/revisions"}],"predecessor-version":[{"id":29652,"href":"https:\/\/www.ochm-macau.org\/pt-pt\/wp-json\/wp\/v2\/pages\/28979\/revisions\/29652"}],"wp:attachment":[{"href":"https:\/\/www.ochm-macau.org\/pt-pt\/wp-json\/wp\/v2\/media?parent=28979"}],"curies":[{"name":"wp","href":"https:\/\/api.w.org\/{rel}","templated":true}]}}