{"id":29173,"date":"2022-04-02T22:00:53","date_gmt":"2022-04-02T14:00:53","guid":{"rendered":"https:\/\/www.ochm-macau.org\/informacao-aos-espectadores\/"},"modified":"2024-08-02T10:10:34","modified_gmt":"2024-08-02T02:10:34","slug":"informacao-aos-espectadores","status":"publish","type":"page","link":"https:\/\/www.ochm-macau.org\/pt-pt\/informacao-aos-espectadores\/","title":{"rendered":"Informa\u00e7\u00e3o aos Espectadores"},"content":{"rendered":"<p>[vc_row][vc_column][vc_single_image image=&#8221;27349&#8243; img_size=&#8221;full&#8221; alignment=&#8221;center&#8221;][\/vc_column][\/vc_row][vc_row][vc_column][vc_column_text css=&#8221;.vc_custom_1722564631937{margin-right: 70px !important;margin-left: 70px !important;}&#8221;]<\/p>\n<ul>\n<li>A Organiza\u00e7\u00e3o adverte os espectadores os que dever\u00e3o chegar aos espect\u00e1culos \u00a0com 10 minutos de anteced\u00eancia. A Organiza\u00e7\u00e3o reserva-se o direito de decidir quando e de que forma os retardat\u00e1rios podem entrar na sala do espect\u00e1culo para que este n\u00e3o seja afectado;<\/li>\n<li>Os telem\u00f3veis e aparelhos\u00a0<em>pagers<\/em>\u00a0devem estar em modo &#8220;sil\u00eancio&#8221; antes do in\u00edcio do espect\u00e1culo;<\/li>\n<li>N\u00e3o \u00e9 permitido fumar, comer ou beber nos locais dos espect\u00e1culos, devido ao ru\u00eddo causado; n\u00e3o s\u00e3o permitidos objectos perigosos assim como alimentos e bebidas;;<\/li>\n<li>\u00c9 expressamente proibido gravar, filmar ou fotografar nos locais dos espect\u00e1culos, para n\u00e3o perturbar o espect\u00e1culo e os outros espectadores salvo com autoriza\u00e7\u00e3o expressa da Organiza\u00e7\u00e3o;<\/li>\n<li>Os blhetes devem apresentados \u00e0 entrada da sala do espect\u00e1culo. Cada bilhete d\u00e1 apenas direito ao ingresso de uma pessoa;<\/li>\n<li>Crian\u00e7as a partir de 3 anos s\u00e3o bem-vindas ao teatro musical familiar; n\u00e3o s\u00e3o admitidas crian\u00e7as com menos de 6 anos em quaisquer outros espect\u00e1culos.<\/li>\n<li>A Organiza\u00e7\u00e3o reserva-se o direito de alterar a data dos espect\u00e1culos, o programa e os artistas com pouca anteced\u00eancia.<\/li>\n<\/ul>\n<p><strong>Servi\u00e7os para pessoas com necessidades especiais<\/strong><br \/>\nA Orquestra Chinesa de Macau providencia servi\u00e7os especiais para espectadores com incapacidades. Estes dever\u00e3o dirigir-se ao pessoal da OCHM, de prefer\u00eancia 15 minutos antes do in\u00edcio do concerto, que lhes prestar\u00e1 toda a assist\u00eancia necess\u00e1ria.[\/vc_column_text][\/vc_column][\/vc_row]<\/p>\n","protected":false},"excerpt":{"rendered":"<p>[vc_row][vc_column][vc_single_image image=&#8221;27349&#8243; img_size=&#8221;full&#8221; alignment=&#8221;center&#8221;][\/vc_column][\/vc_row][vc_row][vc_column][vc_column_text css=&#8221;.vc_custom_1722564631937{margin-right: 70px !important;margin-left: 70px !important;}&#8221;] A Organiza\u00e7\u00e3o adverte os espectadores os que dever\u00e3o chegar aos espect\u00e1culos &hellip; <a href=\"https:\/\/www.ochm-macau.org\/pt-pt\/informacao-aos-espectadores\/\" class=\"more-link\">Continuar a ler<span class=\"screen-reader-text\"> &#8220;Informa\u00e7\u00e3o aos Espectadores&#8221;<\/span><\/a><\/p>\n","protected":false},"author":1,"featured_media":0,"parent":0,"menu_order":0,"comment_status":"closed","ping_status":"closed","template":"page_general.php","meta":{"_acf_changed":false,"footnotes":""},"class_list":["post-29173","page","type-page","status-publish","hentry"],"acf":[],"_links":{"self":[{"href":"https:\/\/www.ochm-macau.org\/pt-pt\/wp-json\/wp\/v2\/pages\/29173","targetHints":{"allow":["GET"]}}],"collection":[{"href":"https:\/\/www.ochm-macau.org\/pt-pt\/wp-json\/wp\/v2\/pages"}],"about":[{"href":"https:\/\/www.ochm-macau.org\/pt-pt\/wp-json\/wp\/v2\/types\/page"}],"author":[{"embeddable":true,"href":"https:\/\/www.ochm-macau.org\/pt-pt\/wp-json\/wp\/v2\/users\/1"}],"replies":[{"embeddable":true,"href":"https:\/\/www.ochm-macau.org\/pt-pt\/wp-json\/wp\/v2\/comments?post=29173"}],"version-history":[{"count":2,"href":"https:\/\/www.ochm-macau.org\/pt-pt\/wp-json\/wp\/v2\/pages\/29173\/revisions"}],"predecessor-version":[{"id":40919,"href":"https:\/\/www.ochm-macau.org\/pt-pt\/wp-json\/wp\/v2\/pages\/29173\/revisions\/40919"}],"wp:attachment":[{"href":"https:\/\/www.ochm-macau.org\/pt-pt\/wp-json\/wp\/v2\/media?parent=29173"}],"curies":[{"name":"wp","href":"https:\/\/api.w.org\/{rel}","templated":true}]}}