{"id":39406,"date":"2023-10-27T09:59:14","date_gmt":"2023-10-27T01:59:14","guid":{"rendered":"https:\/\/www.ochm-macau.org\/?page_id=39406"},"modified":"2026-04-26T00:09:07","modified_gmt":"2026-04-25T16:09:07","slug":"sociedade-orquestra-de-macau-limitada","status":"publish","type":"page","link":"https:\/\/www.ochm-macau.org\/pt-pt\/sociedade-orquestra-de-macau-limitada\/","title":{"rendered":"Sociedade Orquestra de Macau, Limitada"},"content":{"rendered":"<p>[vc_row][vc_column offset=&#8221;vc_col-lg-offset-1 vc_col-lg-10 vc_col-md-offset-1 vc_col-md-10 vc_col-sm-offset-0&#8243;][vc_single_image image=&#8221;39423&#8243; img_size=&#8221;full&#8221; alignment=&#8221;center&#8221;][vc_column_text]Data da \u00faltima actualiza\u00e7\u00e3o\uff1a 2025-01<\/p>\n<p><span style=\"color: #d1ae6d;\"><strong>Informa\u00e7\u00f5es B\u00e1sicas da Empresa<\/strong><\/span><\/p>\n<table>\n<tbody>\n<tr>\n<td><strong>Denomina\u00e7\u00e3o commercial \uff1a<\/strong><\/td>\n<td>\u00a0Sociedade Orquestra de Macau, Limitada<\/td>\n<\/tr>\n<tr>\n<td><strong>Tipo societ\u00e1rio\uff1a<\/strong><\/td>\n<td>\u00a0Empresa<\/td>\n<\/tr>\n<tr>\n<td style=\"text-align: justify;\"><strong>Objecto\uff1a<\/strong><\/td>\n<td style=\"text-align: justify;\">Organizar, gerir e explorar as actividades da Orquestra de Macau e da Orquestra Chinesa de Macau para desenvolver ac\u00e7\u00f5es de generaliza\u00e7\u00e3o, educa\u00e7\u00e3o e promo\u00e7\u00e3o de artes musicais diversificadas; organizar e participar em espect\u00e1culos e ac\u00e7\u00f5es de interc\u00e2mbio locais e no exterior de interesse para o desenvolvimento cultural e art\u00edstico; realizar projectos que promovam a forma\u00e7\u00e3o de quadros qualificados na \u00e1rea de m\u00fasica.<\/td>\n<\/tr>\n<tr>\n<td><strong>Sede\uff1a<\/strong><\/td>\n<td>\u00a0Caves 2 do Centro de Criatividade do Tap Siac, Pra\u00e7a do Tap Siac, Macau<\/td>\n<\/tr>\n<tr>\n<td><strong>Forma de contacto\uff1a<\/strong><\/td>\n<td>Endere\u00e7o\uff1aRua das Schimas, No.108, Edif\u00edcio de Escrit\u00f3rios do Governo (Coloane), 5\u00ba andares, Coloane, Macau<br \/>\nTelefone:\u00a0 (853) 2882 2860<\/td>\n<\/tr>\n<tr>\n<td><strong>Estatuto\uff1a<\/strong><\/td>\n<td>\u00a0Chin\u00eas tradicional <a href=\"https:\/\/www.gpsap.gov.mo\/app\/api\/attachment\/download\/aa237f44-3ebe-4244-b58f-95b3d715b702?filename=Estatuto_Chin%C3%AAs%20tradicional.pdf\">Estatuto_Chin\u00eas tradicional.pdf<\/a><\/td>\n<\/tr>\n<\/tbody>\n<\/table>\n<p>&nbsp;<\/p>\n<p><span style=\"color: #d1ae6d;\"><strong>Accionistas e Participa\u00e7\u00f5es Sociais<\/strong><\/span><\/p>\n<table width=\"791\">\n<tbody>\n<tr>\n<td><strong>No.<\/strong><\/td>\n<td><strong>Nome do accionista<\/strong><\/td>\n<td><strong>Montante devido<\/strong><\/td>\n<td><strong>Propor\u00e7\u00e3o das ac\u00e7\u00f5es<\/strong><\/td>\n<\/tr>\n<tr>\n<td>1<\/td>\n<td>Regi\u00e3o Administrativa Especial de Macau\/strong&gt;<\/td>\n<td>$ 9,800,000 MOP<\/td>\n<td>98.00%<\/td>\n<\/tr>\n<tr>\n<td><strong>2<\/strong><\/td>\n<td>Fundo de Desenvolvimento da Cultura<\/td>\n<td>$ 200,000\u00a0MOP<\/td>\n<td>2.00%<\/td>\n<\/tr>\n<\/tbody>\n<\/table>\n<p>&nbsp;<\/p>\n<table>\n<tbody>\n<tr>\n<td><strong>Capital social<\/strong><\/td>\n<td><strong>$ 10,000,000 MOP<\/strong><\/td>\n<\/tr>\n<\/tbody>\n<\/table>\n<p>&nbsp;<\/p>\n<p><span style=\"color: #d1ae6d;\"><strong>Estrutura Org\u00e2nica<\/strong><\/span><\/p>\n<p>&nbsp;<\/p>\n<p><strong>Assembleia Geral<\/strong><\/p>\n<table width=\"791\">\n<thead>\n<tr>\n<td><strong>Designa\u00e7\u00e3o<\/strong><\/td>\n<td><strong>Cargo<\/strong><\/td>\n<\/tr>\n<\/thead>\n<tbody>\n<tr>\n<td>Leong Wai Man<\/td>\n<td>Representante de accionista<\/td>\n<\/tr>\n<tr>\n<td>Chan Ka Io<\/td>\n<td>Representante de accionista<\/td>\n<\/tr>\n<\/tbody>\n<\/table>\n<p>&nbsp;<\/p>\n<p><strong>Conselho de Administra\u00e7\u00e3o<\/strong><\/p>\n<table width=\"791\">\n<thead>\n<tr>\n<td><strong>Designa\u00e7\u00e3o<\/strong><\/td>\n<td colspan=\"2\"><strong>Cargo<\/strong><\/td>\n<td><strong>Mandato<\/strong><\/td>\n<\/tr>\n<\/thead>\n<tbody>\n<tr>\n<td>Leong Wai Man<\/td>\n<td>Presidente<\/td>\n<td colspan=\"2\">24\/01\/2026 ~ 23\/01\/2027<\/td>\n<\/tr>\n<tr>\n<td>Chan Ka Io<\/td>\n<td>Administrador<\/td>\n<td colspan=\"2\">24\/01\/2026 ~ 18\/07\/2026<\/td>\n<\/tr>\n<tr>\n<td>Hoi Kin Wa<\/td>\n<td>Administrador<\/td>\n<td colspan=\"2\">24\/01\/2026 ~ 23\/01\/2027<\/td>\n<\/tr>\n<\/tbody>\n<\/table>\n<p>&nbsp;<\/p>\n<p><strong>Conselho Fiscal<\/strong><\/p>\n<table width=\"791\">\n<thead>\n<tr>\n<td><strong>Designa\u00e7\u00e3o<\/strong><\/td>\n<td colspan=\"2\"><strong>Cargo<\/strong><\/td>\n<td><strong>Mandato<\/strong><\/td>\n<\/tr>\n<\/thead>\n<tbody>\n<tr>\n<td>Tou Wai Fong<\/td>\n<td colspan=\"2\">Presidente<\/td>\n<td>24\/01\/2026 ~ 23\/01\/2027<\/td>\n<\/tr>\n<tr>\n<td>Cheung Pui Peng Grace<\/td>\n<td>Fiscal<\/td>\n<td colspan=\"2\">24\/01\/2026 ~ 23\/01\/2027<\/td>\n<\/tr>\n<tr>\n<td>Mak Weng Chu<\/td>\n<td>Fiscal<\/td>\n<td colspan=\"2\">24\/01\/2026 ~ 23\/01\/2027<\/td>\n<\/tr>\n<\/tbody>\n<\/table>\n<p>&nbsp;<\/p>\n<p><strong>Secret\u00e1rio da Sociedade<\/strong><\/p>\n<table width=\"791\">\n<thead>\n<tr>\n<td><strong>Designa\u00e7\u00e3o<\/strong><\/td>\n<td><strong>Cargo<\/strong><\/td>\n<\/tr>\n<\/thead>\n<tbody>\n<tr>\n<td>Vong Keng Hei<\/td>\n<td>Secret\u00e1rio da sociedade<strong>\u00a0<\/strong><\/td>\n<\/tr>\n<\/tbody>\n<\/table>\n<p>&nbsp;<\/p>\n<p><span style=\"color: #d1ae6d;\"><strong>Contas e Relat\u00f3rio Anual de Actividades<\/strong><\/span><strong>\u00a0<\/strong><\/p>\n<p><strong>\u00a0<\/strong>[\/vc_column_text][vc_tta_tabs active_section=&#8221;1&#8243;][vc_tta_section title=&#8221;2022&#8243; tab_id=&#8221;1776999672543-0e45ee0f-be6d&#8221;][vc_column_text]<\/p>\n<table width=\"791\">\n<thead>\n<tr>\n<td><span style=\"color: #000000;\"><strong>Detalhes<\/strong><\/span><\/p>\n<p>&nbsp;<\/td>\n<\/tr>\n<\/thead>\n<tbody>\n<tr>\n<td><span style=\"color: #000000;\">Chin\u00eas tradicional <a style=\"color: #000000;\" href=\"https:\/\/www.dsgap.gov.mo\/pdpi\/api\/attachment\/download\/f9afd4f0-d57f-4220-b18d-b2d9b74119dd?filename=2022%E5%B9%B4%E5%B9%B4%E5%BA%A6%E7%87%9F%E9%81%8B%E5%A0%B1%E5%91%8A%EF%BC%88%E7%B9%81%E9%AB%94%E4%B8%AD%E6%96%87%EF%BC%89.pdf\"><strong>2022-Demonstra\u00e7\u00e3o financeira, Parecer dos auditores_Chin\u00eas tradicional.pdf<\/strong><\/a><\/span><\/td>\n<\/tr>\n<tr>\n<td><span style=\"color: #000000;\">Chin\u00eas tradicional <a style=\"color: #000000;\" href=\"https:\/\/www.dsgap.gov.mo\/pdpi\/api\/attachment\/download\/f9afd4f0-d57f-4220-b18d-b2d9b74119dd?filename=2022%E5%B9%B4%E5%B9%B4%E5%BA%A6%E7%87%9F%E9%81%8B%E5%A0%B1%E5%91%8A%EF%BC%88%E7%B9%81%E9%AB%94%E4%B8%AD%E6%96%87%EF%BC%89.pdf\"><strong>2022-Relat\u00f3rio annual de actividades_Chin\u00eas tradicional.pdf<\/strong><\/a><\/span><\/td>\n<\/tr>\n<tr>\n<td><span style=\"color: #000000;\">Chin\u00eas tradicional <a style=\"color: #000000;\" href=\"https:\/\/www.dsgap.gov.mo\/pdpi\/api\/attachment\/download\/98fe6c78-2182-4f48-ba38-b5b8d2391b8e?filename=2022%E5%B9%B4%E7%9B%A3%E4%BA%8B%E6%9C%83\/%E7%8D%A8%E4%BB%BB%E7%9B%A3%E4%BA%8B%E6%84%8F%E8%A6%8B%E6%9B%B8%EF%BC%88%E7%B9%81%E9%AB%94%E4%B8%AD%E6%96%87%EF%BC%89.pdf\"><strong>2022-Parecer do conselho fiscal ou do fiscal \u00fanico_Chin\u00eas tradicional.pdf<\/strong><\/a><\/span><\/td>\n<\/tr>\n<\/tbody>\n<\/table>\n<p>[\/vc_column_text][\/vc_tta_section][vc_tta_section title=&#8221;2023&#8243; tab_id=&#8221;1776999672552-b789a0af-0886&#8243;][vc_column_text]<\/p>\n<table width=\"791\">\n<thead>\n<tr>\n<td><span style=\"color: #000000;\"><strong>Detalhes<\/strong><\/span><\/p>\n<p>&nbsp;<\/td>\n<\/tr>\n<\/thead>\n<tbody>\n<tr>\n<td><span style=\"color: #000000;\">Chin\u00eas tradicional <a style=\"color: #000000;\" href=\"https:\/\/www.om-macau.org\/wp-content\/uploads\/2024\/09\/MOC-2023%E5%B9%B4%E5%B9%B4%E5%A0%B1compressed_7.5mb.pdf\"><strong>2023-Demonstra\u00e7\u00e3o financeira, Parecer dos auditores_Chin\u00eas tradicional.pdf<\/strong><\/a><\/span><\/td>\n<\/tr>\n<tr>\n<td><span style=\"color: #000000;\">Chin\u00eas tradicional <a style=\"color: #000000;\" href=\"https:\/\/www.dsgap.gov.mo\/pdpi\/api\/attachment\/download\/5ca34fa6-9f0d-4cce-8986-e4b6af07a585?filename=2023%E5%B9%B4%E5%B9%B4%E5%BA%A6%E7%87%9F%E9%81%8B%E5%A0%B1%E5%91%8A%EF%BC%88%E7%B9%81%E9%AB%94%E4%B8%AD%E6%96%87%EF%BC%89.pdf\"><strong>2023-Relat\u00f3rio annual de actividades_Chin\u00eas tradicional.pdf<\/strong><\/a><\/span><\/td>\n<\/tr>\n<tr>\n<td><span style=\"color: #000000;\">Chin\u00eas tradicional <a style=\"color: #000000;\" href=\"https:\/\/www.dsgap.gov.mo\/pdpi\/api\/attachment\/download\/7ae67c7d-d8c6-40a7-9019-caeabba71e71?filename=2023%E5%B9%B4%E7%B6%93%E5%AF%A9%E8%A8%88%E7%9A%84%E8%B2%A1%E5%8B%99%E5%A0%B1%E8%A1%A8%EF%BC%88%E7%B9%81%E9%AB%94%E4%B8%AD%E6%96%87%EF%BC%89.pdf\"><strong>2023-Parecer do conselho fiscal ou do fiscal \u00fanico_Chin\u00eas tradicional.pdf<\/strong><\/a><\/span><\/td>\n<\/tr>\n<\/tbody>\n<\/table>\n<p>[\/vc_column_text][\/vc_tta_section][vc_tta_section title=&#8221;2024&#8243; tab_id=&#8221;1777000334495-85db18d7-0be1&#8243;][vc_column_text]<\/p>\n<table width=\"823\">\n<thead>\n<tr>\n<td>\n<table width=\"791\">\n<thead>\n<tr>\n<td><span style=\"color: #000000;\"><strong>Detalhes<\/strong><\/span><\/p>\n<p>&nbsp;<\/td>\n<\/tr>\n<\/thead>\n<tbody>\n<tr>\n<td><span style=\"color: #000000;\">Chin\u00eas tradicional <a style=\"color: #000000;\" href=\"https:\/\/www.ochm-macau.org\/wp-content\/uploads\/2026\/01\/2024%E5%B9%B4%E5%B9%B4%E5%A0%B1-%EF%BC%88%E7%B9%81%E9%AB%94%E4%B8%AD%E6%96%87-.pdf\"><strong>2024-Demonstra\u00e7\u00e3o financeira, Parecer dos auditores_Chin\u00eas tradicional.pdf<\/strong><\/a><\/span><\/td>\n<\/tr>\n<tr>\n<td><span style=\"color: #000000;\">Chin\u00eas tradicional <a style=\"color: #000000;\" href=\"https:\/\/www.dsgap.gov.mo\/pdpi\/api\/attachment\/download\/442e653f-fe98-40ee-9bf4-954863169606?filename=2024%E5%B9%B4%E5%B9%B4%E5%BA%A6%E7%87%9F%E9%81%8B%E5%A0%B1%E5%91%8A%EF%BC%88%E7%B9%81%E9%AB%94%E4%B8%AD%E6%96%87%EF%BC%89.pdf\"><strong>2024-Relat\u00f3rio annual de actividades_Chin\u00eas tradicional.pdf<\/strong><\/a><\/span><\/td>\n<\/tr>\n<tr>\n<td><span style=\"color: #000000;\">Chin\u00eas tradicional <a style=\"color: #000000;\" href=\"https:\/\/www.dsgap.gov.mo\/pdpi\/api\/attachment\/download\/ffab7f40-9344-4a57-818c-0d60fa3e779c?filename=2024%E5%B9%B4%E7%B6%93%E5%AF%A9%E8%A8%88%E7%9A%84%E8%B2%A1%E5%8B%99%E5%A0%B1%E8%A1%A8%EF%BC%88%E7%B9%81%E9%AB%94%E4%B8%AD%E6%96%87%EF%BC%89.pdf\"><strong>2024-Parecer do conselho fiscal ou do fiscal \u00fanico_Chin\u00eas tradicional.pdf<\/strong><\/a><\/span><\/td>\n<\/tr>\n<\/tbody>\n<\/table>\n<\/td>\n<\/tr>\n<\/thead>\n<tbody>\n<tr>\n<td><\/td>\n<\/tr>\n<\/tbody>\n<\/table>\n<p>[\/vc_column_text][\/vc_tta_section][vc_tta_section title=&#8221;2025&#8243; tab_id=&#8221;1777000356200-afe48410-30f1&#8243;][vc_column_text]<\/p>\n<table width=\"791\">\n<thead>\n<tr>\n<td><span style=\"color: #000000;\"><strong>Detalhes<\/strong><\/span><\/p>\n<p>&nbsp;<\/td>\n<\/tr>\n<\/thead>\n<tbody>\n<tr>\n<td><\/td>\n<\/tr>\n<tr>\n<td><span style=\"color: #000000;\">Chin\u00eas tradicional <a style=\"color: #000000;\" href=\"https:\/\/www.om-macau.org\/wp-content\/uploads\/2026\/04\/2025\u5e74\u7d93\u5be9\u8a08\u7684\u8ca1\u52d9\u5831\u8868\uff08\u7e41\u9ad4\u4e2d\u6587-.pdf\"><strong>2025-Relat\u00f3rio annual de actividades_Chin\u00eas tradicional.pdf<\/strong><\/a><\/span><\/td>\n<\/tr>\n<tr>\n<td><span style=\"color: #000000;\">Chin\u00eas tradicional <a style=\"color: #000000;\" href=\"https:\/\/www.om-macau.org\/wp-content\/uploads\/2026\/04\/2025\u5e74\u5e74\u5ea6\u71df\u904b\u5831\u544a\uff08\u7e41\u9ad4\u4e2d\u6587\uff09.pdf\"><strong>2025-Parecer do conselho fiscal ou do fiscal \u00fanico_Chin\u00eas tradicional.pdf<\/strong><\/a><\/span><\/td>\n<\/tr>\n<\/tbody>\n<\/table>\n<p>[\/vc_column_text][\/vc_tta_section][\/vc_tta_tabs][\/vc_column][\/vc_row]<\/p>\n","protected":false},"excerpt":{"rendered":"<p>[vc_row][vc_column offset=&#8221;vc_col-lg-offset-1 vc_col-lg-10 vc_col-md-offset-1 vc_col-md-10 vc_col-sm-offset-0&#8243;][vc_single_image image=&#8221;39423&#8243; img_size=&#8221;full&#8221; alignment=&#8221;center&#8221;][vc_column_text]Data da \u00faltima actualiza\u00e7\u00e3o\uff1a 2025-01 Informa\u00e7\u00f5es B\u00e1sicas da Empresa Denomina\u00e7\u00e3o commercial \uff1a &hellip; <a href=\"https:\/\/www.ochm-macau.org\/pt-pt\/sociedade-orquestra-de-macau-limitada\/\" class=\"more-link\">Continuar a ler<span class=\"screen-reader-text\"> &#8220;Sociedade Orquestra de Macau, Limitada&#8221;<\/span><\/a><\/p>\n","protected":false},"author":2,"featured_media":0,"parent":0,"menu_order":0,"comment_status":"closed","ping_status":"closed","template":"page_general.php","meta":{"_acf_changed":false,"footnotes":""},"class_list":["post-39406","page","type-page","status-publish","hentry"],"acf":[],"_links":{"self":[{"href":"https:\/\/www.ochm-macau.org\/pt-pt\/wp-json\/wp\/v2\/pages\/39406","targetHints":{"allow":["GET"]}}],"collection":[{"href":"https:\/\/www.ochm-macau.org\/pt-pt\/wp-json\/wp\/v2\/pages"}],"about":[{"href":"https:\/\/www.ochm-macau.org\/pt-pt\/wp-json\/wp\/v2\/types\/page"}],"author":[{"embeddable":true,"href":"https:\/\/www.ochm-macau.org\/pt-pt\/wp-json\/wp\/v2\/users\/2"}],"replies":[{"embeddable":true,"href":"https:\/\/www.ochm-macau.org\/pt-pt\/wp-json\/wp\/v2\/comments?post=39406"}],"version-history":[{"count":22,"href":"https:\/\/www.ochm-macau.org\/pt-pt\/wp-json\/wp\/v2\/pages\/39406\/revisions"}],"predecessor-version":[{"id":43492,"href":"https:\/\/www.ochm-macau.org\/pt-pt\/wp-json\/wp\/v2\/pages\/39406\/revisions\/43492"}],"wp:attachment":[{"href":"https:\/\/www.ochm-macau.org\/pt-pt\/wp-json\/wp\/v2\/media?parent=39406"}],"curies":[{"name":"wp","href":"https:\/\/api.w.org\/{rel}","templated":true}]}}