{"id":42390,"date":"2025-08-29T15:05:49","date_gmt":"2025-08-29T07:05:49","guid":{"rendered":"https:\/\/www.ochm-macau.org\/?page_id=42390"},"modified":"2025-08-29T15:05:49","modified_gmt":"2025-08-29T07:05:49","slug":"macao-chinese-orchestra-2025-26-concert-season-booking-guide-and-ticket-information","status":"publish","type":"page","link":"https:\/\/www.ochm-macau.org\/pt-pt\/macao-chinese-orchestra-2025-26-concert-season-booking-guide-and-ticket-information\/","title":{"rendered":"Temporada de Concertos de 2025-26 da Orquestra Chinesa de Macau<br>Guia de reservas e informa\u00e7\u00f5es sobre bilhetes"},"content":{"rendered":"<p>[vc_row][vc_column][vc_single_image image=&#8221;27349&#8243; img_size=&#8221;full&#8221; alignment=&#8221;center&#8221;][\/vc_column][\/vc_row][vc_row][vc_column][vc_column_text css=&#8221;.vc_custom_1756383621469{margin-left: 70px !important;}&#8221;]<\/p>\n<h3><strong><span style=\"color: #d1ae6d;\">Desconto Early Bird da Temporada (durante os primeiros 10 dias de venda)<br \/>\n<\/span><\/strong><\/h3>\n<p style=\"text-align: justify;\"><span style=\"font-weight: 400;\">Os Amigos da Orquestra Chinesa de Macau, os Amigos da Orquestra de Macau, os titulares de Cart\u00f5es de Cr\u00e9dito BOC e Cart\u00f5es BOC# podem usufruir de um desconto de 30%, independentemente do n\u00famero de bilhetes, pre\u00e7os ou espect\u00e1culos adquiridos.<\/span><\/p>\n<p>&nbsp;<\/p>\n<p><span style=\"font-size: 16pt; color: #d1ae6d;\"><strong>Desconto Exclusivo para Clientes BOC<\/strong><\/span><\/p>\n<p><span style=\"font-weight: 400;\">Os titulares de Cart\u00f5es de Cr\u00e9dito BOC# ou Cart\u00f5es BOC t\u00eam acesso exclusivo a:<\/span><\/p>\n<ul>\n<li><span style=\"font-weight: 400;\">30% de desconto em qualquer n\u00famero de bilhetes para os espect\u00e1culos especiais pelo BOC;<\/span><\/li>\n<li><span style=\"font-weight: 400;\">20% de desconto em qualquer n\u00famero de bilhetes para os espect\u00e1culos n\u00e3o especiais pelo BOC.<\/span><\/li>\n<\/ul>\n<p>&nbsp;<\/p>\n<h3><span style=\"color: #d1ae6d; font-size: 12pt;\"><b>Os espect\u00e1culos especiais pelo BOC incluem:<\/b><\/span><\/h3>\n<ol>\n<li><span style=\"font-weight: 400;\">Concerto de Abertura da Temporada 2025-26 da Orquestra Chinesa de Macau \u201cBrilho do Oriente\u201d\u00a0<\/span><\/li>\n<li><span style=\"font-weight: 400;\">Em Comemora\u00e7\u00e3o ao 115.\u00ba Anivers\u00e1rio de Nascimento de Liu Tianyi \u201cCanton\u00eas Harm\u00f3nico\u201d<\/span><\/li>\n<li><span style=\"font-weight: 400;\">Concerto de Sopros e Percuss\u00e3o \u201cImpacto \u00b7 Respira\u00e7\u00e3o\u201d\u00a0\u00a0<\/span><\/li>\n<li><span style=\"font-weight: 400;\">Homenagem ao 95.\u00ba Anivers\u00e1rio de Nascimento de Peng Xiuwen \u201cO Tit\u00e3\u201d<\/span><\/li>\n<li><span style=\"font-weight: 400;\">Concerto de Elite \u201c<\/span><span style=\"font-weight: 400;\">Florescer e Prosperar<\/span><span style=\"font-weight: 400;\">\u201d\u00a0<\/span><\/li>\n<li><span style=\"font-weight: 400;\">Concerto de Cordas Friccionadas e Cordas Dedilhadas \u201cOndas Flutuantes\u201d\u00a0\u00a0<\/span><\/li>\n<li><span style=\"font-weight: 400;\">Concerto de Encerramento da Temporada 2025-26 da Orquestra Chinesa de Macau \u201cEcos do Mil\u00e9nio\u201d <\/span><\/li>\n<\/ol>\n<h3><span style=\"color: #d1ae6d;\"><b>Desconto de 50%<\/b><br \/>\n<\/span><\/h3>\n<ul>\n<li><b> <\/b><span style=\"font-weight: 400;\">Titulares do Cart\u00e3o de Idoso^ e do Cart\u00e3o de Registo de Avalia\u00e7\u00e3o da Defici\u00eancia^<\/span><\/li>\n<li><span style=\"font-weight: 400;\"> Compra \u00fanica de 10 ou mais bilhetes, independentemente do espect\u00e1culo, pre\u00e7o ou quantidade<\/span><\/li>\n<\/ul>\n<h3><span style=\"color: #d1ae6d;\"><b>Desconto \u201cCidade de Cultura da \u00c1sia Oriental\u201d<\/b><\/span><\/h3>\n<p style=\"text-align: justify;\"><span style=\"font-weight: 400;\"> Residentes de Macau podem usufruir de 50% de desconto na aquisi\u00e7\u00e3o de bilhetes para o Concerto de Abertura da Temporada 2025-26 da Orquestra Chinesa de Macau\u00a0 \u201cBrilho do Oriente\u201d<\/span><\/p>\n<p>&nbsp;<\/p>\n<h3><span style=\"color: #d1ae6d;\"><b>Pacote \u201cAprecia\u00e7\u00e3o da M\u00fasica Chinesa\u201d:<\/b><\/span><\/h3>\n<p><span style=\"font-weight: 400;\">Compra \u00fanica de bilhetes para quaisquer dois dos seguintes concertos:<\/span><\/p>\n<p><span style=\"font-weight: 400;\">Em Comemora\u00e7\u00e3o ao 115.\u00ba Anivers\u00e1rio de Nascimento de Liu Tianyi \u201cCanton\u00eas Harm\u00f3nico\u201d, Homenagem ao 95.\u00ba Anivers\u00e1rio de Nascimento de Peng Xiuwen\u201cO Tit\u00e3\u201d , Concerto de Encerramento da Temporada 2025-26 da Orquestra Chinesa de Macau \u201cEcos do Mil\u00e9nio\u201d<\/span><\/p>\n<p><span style=\"font-weight: 400;\">\u00a0\u2013 com desconto de 50%, independentemente do pre\u00e7o ou quantidade<\/span><\/p>\n<p>&nbsp;<\/p>\n<h3><span style=\"color: #d1ae6d;\"><b>Pacote \u201cDescobrir a Nova M\u00fasica Chinesa\u201d:<\/b><\/span><\/h3>\n<p style=\"text-align: justify;\"><span style=\"font-weight: 400;\">Compra \u00fanica de bilhetes para quaisquer dois dos seguintes espect\u00e1culos:\u00a0 \u201cRomper da Aurora\u201d, Concerto de Sopros e Percuss\u00e3o \u201cImpacto \u00b7 Respira\u00e7\u00e3o\u201d, Concerto de Cordas Friccionadas e Cordas Dedilhadas\u00a0 \u201cOndas Flutuantes\u201d<\/span><\/p>\n<p style=\"text-align: justify;\"><span style=\"font-weight: 400;\">\u00a0\u2013 com desconto de 50%, independentemente da sess\u00e3o, pre\u00e7o ou quantidade<\/span><\/p>\n<p>&nbsp;<\/p>\n<h3><strong><span style=\"color: #d1ae6d;\"><b>Desconto de 40%<\/b><\/span><\/strong><\/h3>\n<ul>\n<li style=\"text-align: justify;\"><span style=\"font-weight: 400;\"> Titulares de Cart\u00e3o de Estudante a Tempo Inteiro^ (estudantes a tempo inteiro em Macau ou residentes de Macau com cart\u00e3o de estudante emitido por institui\u00e7\u00f5es no exterior)<\/span><\/li>\n<li style=\"text-align: justify;\"><span style=\"font-weight: 400;\"> Pacote Familiar:<\/span><span style=\"font-weight: 400;\"><br \/>\n<\/span><span style=\"font-weight: 400;\">Compra \u00fanica de tr\u00eas ou mais bilhetes para o mesmo espect\u00e1culo com desconto de 40%<\/span><\/li>\n<\/ul>\n<p>&nbsp;<\/p>\n<h3><strong><span style=\"color: #d1ae6d;\"><b>Desconto de 20%<\/b><\/span><\/strong><\/h3>\n<ul>\n<li><span style=\"font-weight: 400; text-align: justify; font-size: 16px;\">Titulares do Cart\u00e3o de Professor de Macau^<\/span><\/li>\n<li><span style=\"font-weight: 400;\"> Amigos da Orquestra Chinesa de Macau<\/span><\/li>\n<li><span style=\"font-weight: 400;\"> Amigos da Orquestra de Macau<\/span><\/li>\n<li><span style=\"font-weight: 400;\"> Amigos do Centro Cultural de Macau e do Museu de Arte de Macau<\/span><\/li>\n<li><span style=\"font-weight: 400;\"> Titulares de Cart\u00e3o de Cr\u00e9dito BOC ou Cart\u00e3o BOC#<\/span><\/li>\n<\/ul>\n<p>&nbsp;<\/p>\n<p><b># <\/b><span style=\"font-weight: 400;\">O desconto aplica-se apenas aos Cart\u00f5es de Cr\u00e9dito BOC e Cart\u00f5es BOC (cart\u00f5es de d\u00e9bito) emitidos pelo Banco da China, Sucursal de Macau.<\/span><\/p>\n<p><b>^<\/b><span style=\"font-weight: 400;\"> Cada titular tem direito a um bilhete com desconto por espect\u00e1culo. \u00c9 obrigat\u00f3ria a apresenta\u00e7\u00e3o do documento v\u00e1lido \u00e0 entrada, caso contr\u00e1rio ser\u00e1 cobrado o valor total do bilhete.<\/span> <span style=\"font-weight: 400;\">Os descontos n\u00e3o s\u00e3o acumul\u00e1veis.<\/span><\/p>\n<p><span style=\"font-weight: 400;\">\u00a0<\/span><\/p>\n<p><span style=\"font-weight: 400;\">O organizador reserva-se o direito de interpreta\u00e7\u00e3o final das ofertas e o direito de alterar o programa e os artistas sem aviso pr\u00e9vio.<\/span><\/p>\n<p><span style=\"font-weight: 400;\">\u00a0<\/span><\/p>\n<p><span style=\"font-weight: 400;\">Todas os espect\u00e1culos s\u00e3o apenas para pessoas com 6 anos ou mais, a menos que anunciado de outra forma.<\/span>[\/vc_column_text][\/vc_column][\/vc_row]<\/p>\n","protected":false},"excerpt":{"rendered":"<p>[vc_row][vc_column][vc_single_image image=&#8221;27349&#8243; img_size=&#8221;full&#8221; alignment=&#8221;center&#8221;][\/vc_column][\/vc_row][vc_row][vc_column][vc_column_text css=&#8221;.vc_custom_1756383621469{margin-left: 70px !important;}&#8221;] Desconto Early Bird da Temporada (durante os primeiros 10 dias de venda) Os &hellip; <a href=\"https:\/\/www.ochm-macau.org\/pt-pt\/macao-chinese-orchestra-2025-26-concert-season-booking-guide-and-ticket-information\/\" class=\"more-link\">Continuar a ler<span class=\"screen-reader-text\"> &#8220;Temporada de Concertos de 2025-26 da Orquestra Chinesa de Macau<br \/>Guia de reservas e informa\u00e7\u00f5es sobre bilhetes&#8221;<\/span><\/a><\/p>\n","protected":false},"author":2,"featured_media":0,"parent":0,"menu_order":0,"comment_status":"closed","ping_status":"closed","template":"page_general.php","meta":{"_acf_changed":false,"footnotes":""},"class_list":["post-42390","page","type-page","status-publish","hentry"],"acf":[],"_links":{"self":[{"href":"https:\/\/www.ochm-macau.org\/pt-pt\/wp-json\/wp\/v2\/pages\/42390","targetHints":{"allow":["GET"]}}],"collection":[{"href":"https:\/\/www.ochm-macau.org\/pt-pt\/wp-json\/wp\/v2\/pages"}],"about":[{"href":"https:\/\/www.ochm-macau.org\/pt-pt\/wp-json\/wp\/v2\/types\/page"}],"author":[{"embeddable":true,"href":"https:\/\/www.ochm-macau.org\/pt-pt\/wp-json\/wp\/v2\/users\/2"}],"replies":[{"embeddable":true,"href":"https:\/\/www.ochm-macau.org\/pt-pt\/wp-json\/wp\/v2\/comments?post=42390"}],"version-history":[{"count":4,"href":"https:\/\/www.ochm-macau.org\/pt-pt\/wp-json\/wp\/v2\/pages\/42390\/revisions"}],"predecessor-version":[{"id":42439,"href":"https:\/\/www.ochm-macau.org\/pt-pt\/wp-json\/wp\/v2\/pages\/42390\/revisions\/42439"}],"wp:attachment":[{"href":"https:\/\/www.ochm-macau.org\/pt-pt\/wp-json\/wp\/v2\/media?parent=42390"}],"curies":[{"name":"wp","href":"https:\/\/api.w.org\/{rel}","templated":true}]}}