{"id":42552,"date":"2025-09-04T10:29:36","date_gmt":"2025-09-04T02:29:36","guid":{"rendered":"https:\/\/www.ochm-macau.org\/resident-conductor\/"},"modified":"2025-09-04T10:33:49","modified_gmt":"2025-09-04T02:33:49","slug":"resident-conductor","status":"publish","type":"page","link":"https:\/\/www.ochm-macau.org\/pt-pt\/resident-conductor\/","title":{"rendered":"Maestro Residente\uff5cLiao Yuan-Yu"},"content":{"rendered":"<p>[vc_row][vc_column][vc_single_image image=&#8221;42205&#8243; img_size=&#8221;large&#8221; alignment=&#8221;center&#8221;][vc_column_text]<\/p>\n<p style=\"text-align: justify;\"><span style=\"font-weight: 400;\">Actualmente Maestro Residente da Orquestra Chinesa de Macau desde a temporada de 2025\u201326, Liao Yuan-Yu \u00e9 reconhecido como um dos mais proeminentes maestros jovens da actualidade. Com uma energia apaixonada e uma vis\u00e3o art\u00edstica aberta, tem-se mantido activamente presente no panorama musical. Entre 2021 e 2025, exerceu fun\u00e7\u00f5es como Maestro Residente da Orquestra Sinf\u00f3nica de Sichuan e Maestro Titular da Tianzi Chinese Music, tendo, nos \u00faltimos anos, desempenhado igualmente o cargo de Director Musical da Sichuan Wuliang Yunxiang Film and Media Co., Ltd. Nessas fun\u00e7\u00f5es, promoveu activamente o desenvolvimento e a concep\u00e7\u00e3o de modelos orquestrais inovadores, dedicando-se \u00e0 cria\u00e7\u00e3o de agrupamentos vers\u00e1teis e de fus\u00e3o, sem fronteiras nem restri\u00e7\u00f5es quanto \u00e0 instrumenta\u00e7\u00e3o ou forma\u00e7\u00e3o.<\/span><\/p>\n<p style=\"text-align: justify;\"><span style=\"font-weight: 400;\">Ap\u00f3s concluir a licenciatura na Universidade Nacional de Artes de Tainan, Liao ingressou, com a mais alta classifica\u00e7\u00e3o, no Mestrado em Direc\u00e7\u00e3o de Orquestra da Universidade de Artes de Taip\u00e9, concluindo-o com \u00eaxito. Durante os seus estudos, trabalhou com reputados mestres, incluindo Ku Pao-wen, Chang Chia-yun, Chang Chia-chung e Fusao Kajima, estabelecendo uma base s\u00f3lida para as suas compet\u00eancias de direc\u00e7\u00e3o e est\u00e9tica musical.<\/span><\/p>\n<p style=\"text-align: justify;\"><span style=\"font-weight: 400;\">Na 3.\u00aa edi\u00e7\u00e3o do Concurso Internacional de Direc\u00e7\u00e3o de M\u00fasica Chinesa, Liao conquistou o Primeiro Pr\u00e9mio, dando in\u00edcio oficial \u00e0 sua carreira profissional. Desde ent\u00e3o, tem sido convidado a colaborar com diversas orquestras como maestro convidado, dirigindo programas que abrangem obras chinesas, ocidentais e contempor\u00e2neas, demonstrando a sua versatilidade e mestria art\u00edstica interdisciplinar.<\/span><\/p>\n<p style=\"text-align: justify;\"><span style=\"font-weight: 400;\">Nos \u00faltimos anos, Liao tem-se dedicado tamb\u00e9m \u00e0 m\u00fasica contempor\u00e2nea, tendo dirigido o Ensemble de Solistas da Orquestra Sinf\u00f3nica de Sichuan no 2.\u00ba Festival de M\u00fasica Contempor\u00e2nea de Hangzhou. Foi convidado v\u00e1rias vezes para actuar em concertos organizados pela Liga Asi\u00e1tica de Compositores, incluindo como maestro do concerto de encerramento da s\u00e9rie comemorativa do 50.\u00ba anivers\u00e1rio. Em 2019, co-organizou e exerceu fun\u00e7\u00f5es de Maestro Principal num festival de m\u00fasica em parceria com a Orquestra Sinf\u00f3nica de Basileia \u2013 Decibells Percussion Ensemble, da Su\u00ed\u00e7a, promovendo a primeira colabora\u00e7\u00e3o aprofundada entre uma orquestra chinesa e um ensemble europeu de percuss\u00e3o. O festival, realizado em Taichung, decorreu ao longo de uma semana e foi amplamente elogiado pela sua dimens\u00e3o e diversidade.<\/span><\/p>\n<p style=\"text-align: justify;\"><span style=\"font-weight: 400;\">Convicto do poder transformador da educa\u00e7\u00e3o, Liao mant\u00e9m sempre uma profunda paix\u00e3o pela forma\u00e7\u00e3o orquestral. Lecionou no Conservat\u00f3rio de M\u00fasica de Sichuan, onde tamb\u00e9m dirigiu a Orquestra de M\u00fasica Chinesa. Desde 2022, \u00e9 Director Musical e Maestro da Escola Secund\u00e1ria Shude, em Chengdu, promovendo activamente a institucionaliza\u00e7\u00e3o e profissionaliza\u00e7\u00e3o da orquestra escolar, que sob a sua lideran\u00e7a tem conquistado repetidamente o Primeiro Pr\u00e9mio no Festival das Artes das Escolas Prim\u00e1rias e Secund\u00e1rias de Sichuan e a n\u00edvel nacional. Sob a recomenda\u00e7\u00e3o do maestro Liu Jiangbin, deslocou-se tamb\u00e9m a Pequim, Zhangzhou e Xiamen para orientar orquestras estudantis, obtendo resultados not\u00e1veis em poucos anos.<\/span><\/p>\n<p style=\"text-align: justify;\"><span style=\"font-weight: 400;\">Para Liao, a ess\u00eancia da direc\u00e7\u00e3o reside em \u201ctocar emo\u00e7\u00f5es e inspirar vidas atrav\u00e9s da pr\u00f3pria vida\u201d. O seu lema, \u201cS\u00f3 vale a pena recordar o que se vive com o cora\u00e7\u00e3o\u201d, reflecte o seu apre\u00e7o por cada percurso de cria\u00e7\u00e3o conjunta com uma orquestra. Continua a perseguir o verdadeiro sentido da m\u00fasica e sobe ao palco com total dedica\u00e7\u00e3o, fazendo da m\u00fasica a sua forma de dialogar com o mundo.<\/span><\/p>\n<p>[\/vc_column_text][\/vc_column][\/vc_row][vc_row][vc_column][\/vc_column][\/vc_row]<\/p>\n","protected":false},"excerpt":{"rendered":"<p>[vc_row][vc_column][vc_single_image image=&#8221;42205&#8243; img_size=&#8221;large&#8221; alignment=&#8221;center&#8221;][vc_column_text] Actualmente Maestro Residente da Orquestra Chinesa de Macau desde a temporada de 2025\u201326, Liao Yuan-Yu \u00e9 &hellip; <a href=\"https:\/\/www.ochm-macau.org\/pt-pt\/resident-conductor\/\" class=\"more-link\">Continuar a ler<span class=\"screen-reader-text\"> &#8220;Maestro Residente\uff5cLiao Yuan-Yu&#8221;<\/span><\/a><\/p>\n","protected":false},"author":2,"featured_media":0,"parent":0,"menu_order":0,"comment_status":"closed","ping_status":"closed","template":"page_general.php","meta":{"_acf_changed":false,"footnotes":""},"class_list":["post-42552","page","type-page","status-publish","hentry"],"acf":[],"_links":{"self":[{"href":"https:\/\/www.ochm-macau.org\/pt-pt\/wp-json\/wp\/v2\/pages\/42552","targetHints":{"allow":["GET"]}}],"collection":[{"href":"https:\/\/www.ochm-macau.org\/pt-pt\/wp-json\/wp\/v2\/pages"}],"about":[{"href":"https:\/\/www.ochm-macau.org\/pt-pt\/wp-json\/wp\/v2\/types\/page"}],"author":[{"embeddable":true,"href":"https:\/\/www.ochm-macau.org\/pt-pt\/wp-json\/wp\/v2\/users\/2"}],"replies":[{"embeddable":true,"href":"https:\/\/www.ochm-macau.org\/pt-pt\/wp-json\/wp\/v2\/comments?post=42552"}],"version-history":[{"count":2,"href":"https:\/\/www.ochm-macau.org\/pt-pt\/wp-json\/wp\/v2\/pages\/42552\/revisions"}],"predecessor-version":[{"id":42554,"href":"https:\/\/www.ochm-macau.org\/pt-pt\/wp-json\/wp\/v2\/pages\/42552\/revisions\/42554"}],"wp:attachment":[{"href":"https:\/\/www.ochm-macau.org\/pt-pt\/wp-json\/wp\/v2\/media?parent=42552"}],"curies":[{"name":"wp","href":"https:\/\/api.w.org\/{rel}","templated":true}]}}